
{"id":12303,"date":"2017-11-28T08:28:53","date_gmt":"2017-11-28T08:28:53","guid":{"rendered":"http:\/\/demo2.drfuri.com\/martfury14\/?page_id=137"},"modified":"2021-11-15T19:09:07","modified_gmt":"2021-11-15T18:09:07","slug":"faqs-2","status":"publish","type":"page","link":"https:\/\/smfoods.pt\/loja\/faqs-2\/","title":{"rendered":"FAQs"},"content":{"rendered":"\t\t<div data-elementor-type=\"wp-post\" data-elementor-id=\"12303\" class=\"elementor elementor-12303\">\n\t\t\t\t\t\t<section class=\"elementor-section elementor-top-section elementor-element elementor-element-237dfee4 elementor-section-boxed elementor-section-height-default elementor-section-height-default\" data-id=\"237dfee4\" data-element_type=\"section\" data-e-type=\"section\">\n\t\t\t\t\t\t<div class=\"elementor-container elementor-column-gap-default\">\n\t\t\t\t\t<div class=\"elementor-column elementor-col-100 elementor-top-column elementor-element elementor-element-4fc7f690\" data-id=\"4fc7f690\" data-element_type=\"column\" data-e-type=\"column\">\n\t\t\t<div class=\"elementor-widget-wrap elementor-element-populated\">\n\t\t\t\t\t\t<div class=\"elementor-element elementor-element-2115b5df elementor-widget elementor-widget-spacer\" data-id=\"2115b5df\" data-element_type=\"widget\" data-e-type=\"widget\" data-widget_type=\"spacer.default\">\n\t\t\t\t<div class=\"elementor-widget-container\">\n\t\t\t\t\t\t\t<div class=\"elementor-spacer\">\n\t\t\t<div class=\"elementor-spacer-inner\"><\/div>\n\t\t<\/div>\n\t\t\t\t\t\t<\/div>\n\t\t\t\t<\/div>\n\t\t\t\t\t<\/div>\n\t\t<\/div>\n\t\t\t\t\t<\/div>\n\t\t<\/section>\n\t\t\t\t<section class=\"elementor-section elementor-top-section elementor-element elementor-element-22716b2d elementor-section-boxed elementor-section-height-default elementor-section-height-default\" data-id=\"22716b2d\" data-element_type=\"section\" data-e-type=\"section\">\n\t\t\t\t\t\t<div class=\"elementor-container elementor-column-gap-extended\">\n\t\t\t\t\t<div class=\"elementor-column elementor-col-100 elementor-top-column elementor-element elementor-element-32a2c025\" data-id=\"32a2c025\" data-element_type=\"column\" data-e-type=\"column\">\n\t\t\t<div class=\"elementor-widget-wrap elementor-element-populated\">\n\t\t\t\t\t\t<div class=\"elementor-element elementor-element-7b9eb9ed elementor-widget elementor-widget-heading\" data-id=\"7b9eb9ed\" data-element_type=\"widget\" data-e-type=\"widget\" data-widget_type=\"heading.default\">\n\t\t\t\t<div class=\"elementor-widget-container\">\n\t\t\t\t\t<h2 class=\"elementor-heading-title elementor-size-default\">FAQs<\/h2>\t\t\t\t<\/div>\n\t\t\t\t<\/div>\n\t\t\t\t<div class=\"elementor-element elementor-element-5261edbd elementor-widget elementor-widget-spacer\" data-id=\"5261edbd\" data-element_type=\"widget\" data-e-type=\"widget\" data-widget_type=\"spacer.default\">\n\t\t\t\t<div class=\"elementor-widget-container\">\n\t\t\t\t\t\t\t<div class=\"elementor-spacer\">\n\t\t\t<div class=\"elementor-spacer-inner\"><\/div>\n\t\t<\/div>\n\t\t\t\t\t\t<\/div>\n\t\t\t\t<\/div>\n\t\t\t\t\t<\/div>\n\t\t<\/div>\n\t\t\t\t\t<\/div>\n\t\t<\/section>\n\t\t\t\t<section class=\"elementor-section elementor-top-section elementor-element elementor-element-c21e3fd elementor-section-boxed elementor-section-height-default elementor-section-height-default\" data-id=\"c21e3fd\" data-element_type=\"section\" data-e-type=\"section\">\n\t\t\t\t\t\t<div class=\"elementor-container elementor-column-gap-extended\">\n\t\t\t\t\t<div class=\"elementor-column elementor-col-100 elementor-top-column elementor-element elementor-element-3f527e0d\" data-id=\"3f527e0d\" data-element_type=\"column\" data-e-type=\"column\">\n\t\t\t<div class=\"elementor-widget-wrap elementor-element-populated\">\n\t\t\t\t\t\t<div class=\"elementor-element elementor-element-29f4bb53 elementor-widget elementor-widget-martfury-faqs\" data-id=\"29f4bb53\" data-element_type=\"widget\" data-e-type=\"widget\" data-widget_type=\"martfury-faqs.default\">\n\t\t\t\t<div class=\"elementor-widget-container\">\n\t\t\t\t\t<div class=\"martfury-faq_group\"><div class=\"row\"><div class=\"col-gtitle col-md-3 col-sm-3 col-xs-12\"><h2 class=\"g-title\">ENTREGAS<\/h2><\/div><div class=\"col-md-9 col-sm-9 col-xs-12\"><div class=\"row\"><div class=\"faq-item\"><div class=\"col-title col-md-5 col-sm-5 col-xs-12\"> <h3 class=\"title\">Existe a possibilidade de envio \u00e0 cobran\u00e7a?<\/h3><\/div><div class=\"col-md-7 col-sm-7 col-xs-12\"> <div class=\"desc\"><b>N\u00e3o. <\/b> Como lidamos com produtos alimentares, de forma a garantirmos a sua qualidade e seguran\u00e7a n\u00e3o efetuamos envio de encomendas \u00e0 cobran\u00e7a. Todas as encomendas s\u00f3 ser\u00e3o enviadas ap\u00f3s pagamento pr\u00e9vio por refer\u00eancia multibanco ou transfer\u00eancia banc\u00e1ria confirmada.<\/div><\/div><\/div><div class=\"faq-item\"><div class=\"col-title col-md-5 col-sm-5 col-xs-12\"> <h3 class=\"title\">Efetuam envios de produtos frescos\/congelados?<\/h3><\/div><div class=\"col-md-7 col-sm-7 col-xs-12\"> <div class=\"desc\"><b>Sim.<\/b> Para este efeito, o valor de expedi\u00e7\u00e3o est\u00e1 sempre sujeito a um or\u00e7amento (tendo em conta peso, dimens\u00f5es e destinat\u00e1rio).\n\n<br><br>\n\nNeste momento, devido \u00e0 Pandemia COVID-19, a distribui\u00e7\u00e3o dos nossos produtos de mercearia frescos ou congelados est\u00e1 a ser assegurada pela pr\u00f3pria frota de distribui\u00e7\u00e3o da Sousa & Morgado, equipada de ve\u00edculos preparados para o efeito, que cumprem todas as normas e regras exigidas do com\u00e9rcio alimentar. Estas entregas est\u00e3o limitadas a somente algumas zonas da regi\u00e3o norte por uma quest\u00e3o meramente log\u00edstica: Aveiro, Porto, Braga e Viana do Castelo.<\/div><\/div><\/div><\/div><\/div><\/div><\/div>\t\t\t\t<\/div>\n\t\t\t\t<\/div>\n\t\t\t\t<div class=\"elementor-element elementor-element-4d520797 elementor-widget elementor-widget-spacer\" data-id=\"4d520797\" data-element_type=\"widget\" data-e-type=\"widget\" data-widget_type=\"spacer.default\">\n\t\t\t\t<div class=\"elementor-widget-container\">\n\t\t\t\t\t\t\t<div class=\"elementor-spacer\">\n\t\t\t<div class=\"elementor-spacer-inner\"><\/div>\n\t\t<\/div>\n\t\t\t\t\t\t<\/div>\n\t\t\t\t<\/div>\n\t\t\t\t<div class=\"elementor-element elementor-element-b5deea6 elementor-widget-divider--view-line elementor-widget elementor-widget-divider\" data-id=\"b5deea6\" data-element_type=\"widget\" data-e-type=\"widget\" data-widget_type=\"divider.default\">\n\t\t\t\t<div class=\"elementor-widget-container\">\n\t\t\t\t\t\t\t<div class=\"elementor-divider\">\n\t\t\t<span class=\"elementor-divider-separator\">\n\t\t\t\t\t\t<\/span>\n\t\t<\/div>\n\t\t\t\t\t\t<\/div>\n\t\t\t\t<\/div>\n\t\t\t\t<div class=\"elementor-element elementor-element-3db34858 elementor-widget elementor-widget-spacer\" data-id=\"3db34858\" data-element_type=\"widget\" data-e-type=\"widget\" data-widget_type=\"spacer.default\">\n\t\t\t\t<div class=\"elementor-widget-container\">\n\t\t\t\t\t\t\t<div class=\"elementor-spacer\">\n\t\t\t<div class=\"elementor-spacer-inner\"><\/div>\n\t\t<\/div>\n\t\t\t\t\t\t<\/div>\n\t\t\t\t<\/div>\n\t\t\t\t<div class=\"elementor-element elementor-element-6ef71462 elementor-widget elementor-widget-spacer\" data-id=\"6ef71462\" data-element_type=\"widget\" data-e-type=\"widget\" data-widget_type=\"spacer.default\">\n\t\t\t\t<div class=\"elementor-widget-container\">\n\t\t\t\t\t\t\t<div class=\"elementor-spacer\">\n\t\t\t<div class=\"elementor-spacer-inner\"><\/div>\n\t\t<\/div>\n\t\t\t\t\t\t<\/div>\n\t\t\t\t<\/div>\n\t\t\t\t<div class=\"elementor-element elementor-element-7c6c54cb elementor-widget-divider--view-line elementor-widget elementor-widget-divider\" data-id=\"7c6c54cb\" data-element_type=\"widget\" data-e-type=\"widget\" data-widget_type=\"divider.default\">\n\t\t\t\t<div class=\"elementor-widget-container\">\n\t\t\t\t\t\t\t<div class=\"elementor-divider\">\n\t\t\t<span class=\"elementor-divider-separator\">\n\t\t\t\t\t\t<\/span>\n\t\t<\/div>\n\t\t\t\t\t\t<\/div>\n\t\t\t\t<\/div>\n\t\t\t\t<div class=\"elementor-element elementor-element-6086564b elementor-widget elementor-widget-martfury-faqs\" data-id=\"6086564b\" data-element_type=\"widget\" data-e-type=\"widget\" data-widget_type=\"martfury-faqs.default\">\n\t\t\t\t<div class=\"elementor-widget-container\">\n\t\t\t\t\t<div class=\"martfury-faq_group\"><div class=\"row\"><div class=\"col-gtitle col-md-3 col-sm-3 col-xs-12\"><h2 class=\"g-title\">PAGAMENTOS<\/h2><\/div><div class=\"col-md-9 col-sm-9 col-xs-12\"><div class=\"row\"><div class=\"faq-item\"><div class=\"col-title col-md-5 col-sm-5 col-xs-12\"> <h3 class=\"title\">Quais s\u00e3o os m\u00e9todos de pagamento dispon\u00edveis?<\/h3><\/div><div class=\"col-md-7 col-sm-7 col-xs-12\"> <div class=\"desc\">\nTemos dispon\u00edvel para pagamento online o pagamento via Refer\u00eancia Multibanco, MBWay (servi\u00e7os facultados pelo IFTHENPAY) ou transfer\u00eancia banc\u00e1ria para o IBAN PT50 000704240003810000503. Para o m\u00e9todo de transfer\u00eancia, agradecemos o envio do comprovativo para o e-mail: escritorio@sousamorgado.com.\n\n<br><br>\n\nNo entanto, como disponibilizamos o levantamento das encomendas em loja, se preferir poder\u00e1 efetuar o pagamento presencialmente em numer\u00e1rio ou multibanco, dispon\u00edvel para compras superiores a 5\u20ac.<\/div><\/div><\/div><div class=\"faq-item\"><div class=\"col-title col-md-5 col-sm-5 col-xs-12\"> <h3 class=\"title\">Quanto tempo tenho para efetuar o pagamento por refer\u00eancia MB ou MBWAY?<\/h3><\/div><div class=\"col-md-7 col-sm-7 col-xs-12\"> <div class=\"desc\">\nPara encomendas cujo m\u00e9todo de pagamento seja Refer\u00eancia Multibanco disp\u00f5em de 24 horas para que o pagamento seja efectuado. Ap\u00f3s esse per\u00edodo, a sua encomenda ser\u00e1 cancelada, os produtos devolvidos ao stock e ter\u00e1 de a fazer novamente.\n<br><br>\nPara encomendas cujo m\u00e9todo de pagamento seja MBWay, tem 5 minutos para efetuar o pagamento ap\u00f3s completar a sua encomenda. \u00c9 enviada uma notifica\u00e7\u00e3o para o n\u00famero de telem\u00f3vel que inseriu para o pagamento, solicitando a confirma\u00e7\u00e3o. Se exceder o tempo limite, a sua encomenda ser\u00e1 cancelada e os produtos devolvidos ao stock, sendo necess\u00e1rio repetir a sua encomenda.<\/div><\/div><\/div><\/div><\/div><\/div><\/div>\t\t\t\t<\/div>\n\t\t\t\t<\/div>\n\t\t\t\t<div class=\"elementor-element elementor-element-465831e6 elementor-widget elementor-widget-spacer\" data-id=\"465831e6\" data-element_type=\"widget\" data-e-type=\"widget\" data-widget_type=\"spacer.default\">\n\t\t\t\t<div class=\"elementor-widget-container\">\n\t\t\t\t\t\t\t<div class=\"elementor-spacer\">\n\t\t\t<div class=\"elementor-spacer-inner\"><\/div>\n\t\t<\/div>\n\t\t\t\t\t\t<\/div>\n\t\t\t\t<\/div>\n\t\t\t\t<div class=\"elementor-element elementor-element-6c1d9fc9 elementor-widget elementor-widget-martfury-faqs\" data-id=\"6c1d9fc9\" data-element_type=\"widget\" data-e-type=\"widget\" data-widget_type=\"martfury-faqs.default\">\n\t\t\t\t<div class=\"elementor-widget-container\">\n\t\t\t\t\t<div class=\"martfury-faq_group\"><div class=\"row\"><div class=\"col-gtitle col-md-3 col-sm-3 col-xs-12\"><h2 class=\"g-title\">Encomendas<\/h2><\/div><div class=\"col-md-9 col-sm-9 col-xs-12\"><div class=\"row\"><div class=\"faq-item\"><div class=\"col-title col-md-5 col-sm-5 col-xs-12\"> <h3 class=\"title\">Efetuam reservas de produtos?<\/h3><\/div><div class=\"col-md-7 col-sm-7 col-xs-12\"> <div class=\"desc\"><b>Sim.<\/b> Efectuamos reserva de produtos, quando solicitada. As reservas s\u00e3o garantidas durante 24 horas; reservas superiores a este per\u00edodo, s\u00f3 ap\u00f3s o pagamento da totalidade do valor dos mesmos ou da encomenda.<\/div><\/div><\/div><\/div><\/div><\/div><\/div>\t\t\t\t<\/div>\n\t\t\t\t<\/div>\n\t\t\t\t<div class=\"elementor-element elementor-element-52091f1b elementor-widget elementor-widget-spacer\" data-id=\"52091f1b\" data-element_type=\"widget\" data-e-type=\"widget\" data-widget_type=\"spacer.default\">\n\t\t\t\t<div class=\"elementor-widget-container\">\n\t\t\t\t\t\t\t<div class=\"elementor-spacer\">\n\t\t\t<div class=\"elementor-spacer-inner\"><\/div>\n\t\t<\/div>\n\t\t\t\t\t\t<\/div>\n\t\t\t\t<\/div>\n\t\t\t\t\t<\/div>\n\t\t<\/div>\n\t\t\t\t\t<\/div>\n\t\t<\/section>\n\t\t\t\t<section class=\"elementor-section elementor-top-section elementor-element elementor-element-42ff737 elementor-section-stretched elementor-section-boxed elementor-section-height-default elementor-section-height-default\" data-id=\"42ff737\" data-element_type=\"section\" data-e-type=\"section\" data-settings=\"{&quot;stretch_section&quot;:&quot;section-stretched&quot;,&quot;background_background&quot;:&quot;classic&quot;}\">\n\t\t\t\t\t\t<div class=\"elementor-container elementor-column-gap-extended\">\n\t\t\t\t\t<div class=\"elementor-column elementor-col-100 elementor-top-column elementor-element elementor-element-4ecbbed9\" data-id=\"4ecbbed9\" data-element_type=\"column\" data-e-type=\"column\">\n\t\t\t<div class=\"elementor-widget-wrap elementor-element-populated\">\n\t\t\t\t\t\t<div class=\"elementor-element elementor-element-2debc164 elementor-widget elementor-widget-spacer\" data-id=\"2debc164\" data-element_type=\"widget\" data-e-type=\"widget\" data-widget_type=\"spacer.default\">\n\t\t\t\t<div class=\"elementor-widget-container\">\n\t\t\t\t\t\t\t<div class=\"elementor-spacer\">\n\t\t\t<div class=\"elementor-spacer-inner\"><\/div>\n\t\t<\/div>\n\t\t\t\t\t\t<\/div>\n\t\t\t\t<\/div>\n\t\t\t\t<div class=\"elementor-element elementor-element-57a78fcf elementor-widget elementor-widget-text-editor\" data-id=\"57a78fcf\" data-element_type=\"widget\" data-e-type=\"widget\" data-widget_type=\"text-editor.default\">\n\t\t\t\t<div class=\"elementor-widget-container\">\n\t\t\t\t\t\t\t\t\t<div class=\"text-center\">Estamos Aqui para o Ajudar!\u00a0<a href=\"https:\/\/bazzar.pt\/apps.sousamorgado.com\/loja\/contacte-nos\/\">Contacte-nos<\/a>!<\/div>\t\t\t\t\t\t\t\t<\/div>\n\t\t\t\t<\/div>\n\t\t\t\t<div class=\"elementor-element elementor-element-3ce3e1e elementor-widget elementor-widget-spacer\" data-id=\"3ce3e1e\" data-element_type=\"widget\" data-e-type=\"widget\" data-widget_type=\"spacer.default\">\n\t\t\t\t<div class=\"elementor-widget-container\">\n\t\t\t\t\t\t\t<div class=\"elementor-spacer\">\n\t\t\t<div class=\"elementor-spacer-inner\"><\/div>\n\t\t<\/div>\n\t\t\t\t\t\t<\/div>\n\t\t\t\t<\/div>\n\t\t\t\t\t<\/div>\n\t\t<\/div>\n\t\t\t\t\t<\/div>\n\t\t<\/section>\n\t\t\t\t<\/div>\n\t\t","protected":false},"excerpt":{"rendered":"<p>FAQs ENTREGAS Existe a possibilidade de envio \u00e0 cobran\u00e7a? N\u00e3o. Como lidamos com produtos alimentares, de forma a garantirmos a sua qualidade e seguran\u00e7a n\u00e3o efetuamos envio de encomendas \u00e0 cobran\u00e7a. Todas as encomendas s\u00f3 ser\u00e3o enviadas ap\u00f3s pagamento pr\u00e9vio por refer\u00eancia multibanco ou transfer\u00eancia banc\u00e1ria confirmada. Efetuam envios de produtos frescos\/congelados? Sim. Para este&hellip;<\/p>\n","protected":false},"author":77,"featured_media":0,"parent":0,"menu_order":0,"comment_status":"closed","ping_status":"closed","template":"","meta":{"footnotes":""},"class_list":["post-12303","page","type-page","status-publish","hentry"],"_links":{"self":[{"href":"https:\/\/smfoods.pt\/loja\/wp-json\/wp\/v2\/pages\/12303","targetHints":{"allow":["GET"]}}],"collection":[{"href":"https:\/\/smfoods.pt\/loja\/wp-json\/wp\/v2\/pages"}],"about":[{"href":"https:\/\/smfoods.pt\/loja\/wp-json\/wp\/v2\/types\/page"}],"author":[{"embeddable":true,"href":"https:\/\/smfoods.pt\/loja\/wp-json\/wp\/v2\/users\/77"}],"replies":[{"embeddable":true,"href":"https:\/\/smfoods.pt\/loja\/wp-json\/wp\/v2\/comments?post=12303"}],"version-history":[{"count":0,"href":"https:\/\/smfoods.pt\/loja\/wp-json\/wp\/v2\/pages\/12303\/revisions"}],"wp:attachment":[{"href":"https:\/\/smfoods.pt\/loja\/wp-json\/wp\/v2\/media?parent=12303"}],"curies":[{"name":"wp","href":"https:\/\/api.w.org\/{rel}","templated":true}]}}