
{"id":3,"date":"2021-06-28T14:20:43","date_gmt":"2021-06-28T14:20:43","guid":{"rendered":"https:\/\/smfoods.pt\/wordpress\/?page_id=3"},"modified":"2021-11-15T19:12:31","modified_gmt":"2021-11-15T18:12:31","slug":"politica-privacidade","status":"publish","type":"page","link":"https:\/\/smfoods.pt\/loja\/politica-privacidade\/","title":{"rendered":"Pol\u00edtica de Privacidade e Cookies"},"content":{"rendered":"<p>[vc_row][vc_column][vc_column_text]<\/p>\r\n<h2 class=\"wp-block-heading\">Que dados pessoais s\u00e3o recolhidos e como s\u00e3o recolhidos<\/h2>\r\n\r\n<p>&nbsp;<\/p>\r\n\r\n<h4 class=\"wp-block-heading\">Coment\u00e1rios, avalia\u00e7\u00f5es e formul\u00e1rios de contacto<\/h4>\r\n\r\n<p>Quando os visitantes deixam coment\u00e1rios e\/ou esclarecem d\u00favidas no website atrav\u00e9s do Chat, s\u00e3o guardados os dados presentes, bem como o endere\u00e7o de IP e o agente do utilizador do navegador, para ajudar com a dete\u00e7\u00e3o de spam.<\/p>\r\n<p>&nbsp;<\/p>\r\n\r\n<p>&nbsp;<\/p>\r\n\r\n<h4 class=\"wp-block-heading\">Loja Online<\/h4>\r\n\r\n<p>Localiza\u00e7\u00e3o, endere\u00e7o IP e tipo de navegador: utilizaremos para estimativa de impostos e transporte.<\/p>\r\n\r\n<p>Morada de envio: iremos pedir-lhe para, por exemplo, estimar os custos de transporte antes de efetuar uma encomenda!<\/p>\r\n<p>&nbsp;<\/p>\r\n\r\n<p>&nbsp;<\/p>\r\n\r\n<h4 class=\"wp-block-heading\">Quando voc\u00ea compra no website, vamos pedir-lhe para fornecer informa\u00e7\u00f5es, incluindo o seu nome, endere\u00e7o de fatura\u00e7\u00e3o, endere\u00e7o de envio, endere\u00e7o de email, n\u00famero de telefone, cart\u00e3o de cr\u00e9dito\/detalhes de pagamento e informa\u00e7\u00f5es de conta opcional, como utilizador e password. Utilizaremos essas informa\u00e7\u00f5es para fins, tais como:<\/h4>\r\n\r\n<p>Enviar-lhe informa\u00e7\u00f5es sobre a sua conta e encomenda<\/p>\r\n\r\n<p>Responder aos seus pedidos, incluindo reembolsos e queixas;<\/p>\r\n\r\n<p>Processamento de pagamentos e preven\u00e7\u00e3o de fraude;<\/p>\r\n\r\n<p>Configure a sua conta para o nosso website;<\/p>\r\n\r\n<p>Cumprir todas as obriga\u00e7\u00f5es legais que temos, como o c\u00e1lculo de impostos;<\/p>\r\n\r\n<p>Melhorar as ofertas do nosso website<\/p>\r\n\r\n<p>Enviar-lhe mensagens de marketing, se desejar receb\u00ea-las.<\/p>\r\n<p>&nbsp;<\/p>\r\n\r\n<p>&nbsp;<\/p>\r\n\r\n<h4 class=\"wp-block-heading\">Se criar uma conta, guardamos o seu nome, morada, email e n\u00famero de telefone, que ser\u00e3o utilizados para preencher os seus dados nas pr\u00f3ximas encomendas. Em geral, armazenamos informa\u00e7\u00f5es sobre si enquanto precisamos desses dados para os motivos que os coletamos, e n\u00e3o somos obrigados, por lei, a continuar a mant\u00ea-los. Por exemplo, armazenaremos informa\u00e7\u00f5es por 10 anos para fins fiscais e contabil\u00edsticos. Isso inclui o seu nome, endere\u00e7o de email, morada de fatura\u00e7\u00e3o e envio.<\/h4>\r\n<p>&nbsp;<\/p>\r\n\r\n<p>&nbsp;<\/p>\r\n\r\n<h3 class=\"wp-block-heading\">Quem tem acesso aos seus dados<\/h3>\r\n<h4>Os membros da nossa equipa tem acesso a informa\u00e7\u00e3o que nos fornece. Por exemplo, os administradores e gestores do website podem aceder a:<\/h4>\r\n<p>Informa\u00e7\u00f5es da encomenda, o que comprou, quando comprou e para onde ser\u00e1 enviada, informa\u00e7\u00f5es do cliente como o nome, email e morada de fatura\u00e7\u00e3o e envio. Os membros da nossa equipa t\u00eam acesso a esta informa\u00e7\u00e3o para o processamento de encomendas, devolu\u00e7\u00f5es e suporte. N\u00e3o passaremos os seus dados a terceiros.<\/p>\r\n<p>&nbsp;<\/p>\r\n<h3>Que direitos tem sobre os seus dados<\/h3>\r\n<p>Se tiver uma conta neste website, ou deixou coment\u00e1rios e\/ou esclareceu d\u00favidas, pode pedir para receber um ficheiro de exporta\u00e7\u00e3o com os dados pessoais guardados sobre si, incluindo qualquer dado pessoal que indicou. Tamb\u00e9m pode solicitar que os dados guardados sejam eliminados. Isto n\u00e3o inclui qualquer dado pessoal que seja obrigat\u00f3rio manter para fins administrativos, legais ou de seguran\u00e7a.<\/p>\r\n<p>&nbsp;<\/p>\r\n<h3>Como s\u00e3o protegidos os seus dados<\/h3>\r\n<p>Todos os dados enviados s\u00e3o transmitidos atrav\u00e9s de uma liga\u00e7\u00e3o de fonte segura e armazenados numa base de dados encriptada.<\/p>\r\n<p>&nbsp;<\/p>\r\n<h2>Pol\u00edtica de Cookies<\/h2>\r\n<h3>O que s\u00e3o Cookies?<\/h3>\r\n<p>Os cookies s\u00e3o compostos por informa\u00e7\u00f5es que cont\u00eam muitas vezes um c\u00f3digo de identifica\u00e7\u00e3o an\u00f3nimo e \u00fanico. Este c\u00f3digo \u00e9 ent\u00e3o enviado para o seu navegador atrav\u00e9s de um servidor web e \u00e9 armazenado no disco r\u00edgido do seu computador, smartphone ou tablet. Mais tarde, caso regresse ao nosso website que enviou esses cookies, este poder\u00e1 l\u00ea-los e reconhec\u00ea-los. S\u00e3o, principalmente, utilizados para operar ou melhorar a forma como o nosso website funciona para fornecer informa\u00e7\u00f5es de neg\u00f3cios e de marketing ao propriet\u00e1rio do website.<\/p>\r\n<p>&nbsp;<\/p>\r\n<h3>Autoriza\u00e7\u00e3o para a utiliza\u00e7\u00e3o de Cookies no nosso Website<\/h3>\r\n<p>Concorda que, ao navegar no nosso website, consente expressamente com a utiliza\u00e7\u00e3o de cookies aqui descrita, exceto na medida em que modificou as defini\u00e7\u00f5es do seu navegador para desativar a sua utiliza\u00e7\u00e3o.<\/p>\r\n<p>&nbsp;<\/p>\r\n<h4 style=\"text-align: center;\">Em caso de lit\u00edgio o consumidor pode recorrer a uma Entidade de Resolu\u00e7\u00e3o Alternativa de Lit\u00edgios de Consumo: <br \/>CICAP \u2013 Centro de Informa\u00e7\u00e3o de Consumo e Arbitragem do Porto, Rua Dami\u00e3o de G\u00f3is, 31 Loja 6, 4050-225 Porto<\/h4>\r\n<p style=\"text-align: center;\"><strong>www.cicap.pt<\/strong><\/p>\r\n<p>[\/vc_column_text][\/vc_column][\/vc_row]<\/p>","protected":false},"excerpt":{"rendered":"<p>[vc_row][vc_column][vc_column_text] Que dados pessoais s\u00e3o recolhidos e como s\u00e3o recolhidos &nbsp; Coment\u00e1rios, avalia\u00e7\u00f5es e formul\u00e1rios de contacto Quando os visitantes deixam coment\u00e1rios e\/ou esclarecem d\u00favidas no website atrav\u00e9s do Chat, s\u00e3o guardados os dados presentes, bem como o endere\u00e7o de IP e o agente do utilizador do navegador, para ajudar com a dete\u00e7\u00e3o de spam.&hellip;<\/p>\n","protected":false},"author":77,"featured_media":0,"parent":0,"menu_order":0,"comment_status":"closed","ping_status":"open","template":"","meta":{"footnotes":""},"class_list":["post-3","page","type-page","status-publish","hentry"],"_links":{"self":[{"href":"https:\/\/smfoods.pt\/loja\/wp-json\/wp\/v2\/pages\/3","targetHints":{"allow":["GET"]}}],"collection":[{"href":"https:\/\/smfoods.pt\/loja\/wp-json\/wp\/v2\/pages"}],"about":[{"href":"https:\/\/smfoods.pt\/loja\/wp-json\/wp\/v2\/types\/page"}],"author":[{"embeddable":true,"href":"https:\/\/smfoods.pt\/loja\/wp-json\/wp\/v2\/users\/77"}],"replies":[{"embeddable":true,"href":"https:\/\/smfoods.pt\/loja\/wp-json\/wp\/v2\/comments?post=3"}],"version-history":[{"count":0,"href":"https:\/\/smfoods.pt\/loja\/wp-json\/wp\/v2\/pages\/3\/revisions"}],"wp:attachment":[{"href":"https:\/\/smfoods.pt\/loja\/wp-json\/wp\/v2\/media?parent=3"}],"curies":[{"name":"wp","href":"https:\/\/api.w.org\/{rel}","templated":true}]}}