
{"id":9048,"date":"2017-12-15T10:26:09","date_gmt":"2017-12-15T10:26:09","guid":{"rendered":"http:\/\/demo2.drfuri.com\/martfury10\/?page_id=451"},"modified":"2021-11-15T19:10:08","modified_gmt":"2021-11-15T18:10:08","slug":"termos-condicoes","status":"publish","type":"page","link":"https:\/\/smfoods.pt\/loja\/termos-condicoes\/","title":{"rendered":"Termos e Condi\u00e7\u00f5es"},"content":{"rendered":"<p>[vc_row][vc_column width=&#8221;8\/12&#8243;][vc_empty_space][vc_toggle title=&#8221;Loja online smfoods&#8221; style=&#8221;text_only&#8221; size=&#8221;lg&#8221; open=&#8221;true&#8221; el_id=&#8221;1464939184208-3761b6d5-e09b&#8221;]A loja online smfoods \u00e9 propriedade da Sousa &amp; Morgado, Lda. com sede na Rua Clube Atl\u00e9tico de Rio Tinto, 143, 4435-188 Rio Tinto, pessoa coletiva n\u00ba 502 792 051, doravante designada Sousa &amp; Morgado.[\/vc_toggle][vc_empty_space][vc_toggle title=&#8221;CAE&#8221; style=&#8221;text_only&#8221; size=&#8221;lg&#8221; open=&#8221;true&#8221;]O C\u00f3digo de Atividade Econ\u00f3mica principal de Sousa &amp; Morgado, Lda. \u00e9 46332 \u2013 Com\u00e9rcio por grosso de azeite, \u00f3leos e gorduras alimentares.[\/vc_toggle][vc_empty_space][vc_toggle title=&#8221;C.R.C. DE GONDOMAR&#8221; style=&#8221;text_only&#8221; size=&#8221;lg&#8221; open=&#8221;true&#8221;]Registada na Conservat\u00f3ria do Registo Comercial de Gondomar com o n\u00famero 502792051.<\/p>\n<p>Constitu\u00edda em 01\/01\/1984.<\/p>\n<p>A smfoods reserva-se no direito de modificar livremente e em qualquer ocasi\u00e3o os presentes Termos e Condi\u00e7\u00f5es de forma a adequ\u00e1-los \u00e0 legisla\u00e7\u00e3o aplic\u00e1vel, sem pr\u00e9-aviso. A navega\u00e7\u00e3o pelo website smfoods bem como a compra de qualquer produto, pressup\u00f5e a aceita\u00e7\u00e3o das presentes informa\u00e7\u00f5es e condi\u00e7\u00f5es gerais de utiliza\u00e7\u00e3o.[\/vc_toggle][vc_empty_space][vc_toggle title=&#8221;Aos Utilizadores&#8221; style=&#8221;text_only&#8221; size=&#8221;lg&#8221; open=&#8221;true&#8221;]Os utilizadores deste website t\u00eam de agir sempre em conformidade com a lei, com requisitos de boas pr\u00e1ticas, n\u00e3o utilizando o website de forma danosa ou que impe\u00e7a o seu normal funcionamento.<\/p>\n<p>Os utilizadores deste website devem fornecer sempre informa\u00e7\u00f5es e dados verdadeiros quando os mesmos s\u00e3o solicitados para o preenchimento dos formul\u00e1rios das encomendas.<\/p>\n<p>Todas as encomendas falsas ser\u00e3o comunicadas \u00e0s autoridades competentes.<\/p>\n<p>Em caso de lit\u00edgio, poder\u00e1 reclamar online, neste\u00a0<a href=\"https:\/\/www.livroreclamacoes.pt\/inicio\">link do Livro de Reclama\u00e7\u00f5es.<\/a>[\/vc_toggle][vc_empty_space][vc_toggle title=&#8221;Propriedade Intelectual&#8221; style=&#8221;text_only&#8221; size=&#8221;lg&#8221; open=&#8221;true&#8221;]O conte\u00fado e informa\u00e7\u00f5es presentes na loja online smfoods s\u00e3o propriedade de Sousa &amp; Morgado, Lda. e por isso, a utiliza\u00e7\u00e3o, reprodu\u00e7\u00e3o ou c\u00f3pia de logotipos, imagens, textos e v\u00eddeos est\u00e1 sujeita a autoriza\u00e7\u00e3o pr\u00e9via.[\/vc_toggle][vc_empty_space][vc_toggle title=&#8221;Pol\u00edtica de Privacidade&#8221; style=&#8221;text_only&#8221; size=&#8221;lg&#8221; open=&#8221;true&#8221;]A smfoods garante que todos os dados dos seus clientes s\u00e3o confidenciais, sendo utilizados \u00fanica e exclusivamente por si para a gest\u00e3o de encomendas e manuten\u00e7\u00e3o da conta de cliente, n\u00e3o os cedendo ou vendendo a terceiros.[\/vc_toggle][vc_empty_space][vc_toggle title=&#8221;Produtos, Pre\u00e7os e Saldos&#8221; style=&#8221;text_only&#8221; size=&#8221;lg&#8221; open=&#8221;true&#8221;]A smfoods disponibiliza aos seus clientes v\u00e1rias informa\u00e7\u00f5es relativas aos produtos, tais como: breve descri\u00e7\u00e3o do produto, marca, fotografia, refer\u00eancia e pre\u00e7o. Outras informa\u00e7\u00f5es podem ser obtidas atrav\u00e9s dos meios dispon\u00edveis.<\/p>\n<p>Os pre\u00e7os apresentados no website smfoods n\u00e3o incluem taxa de IVA aplic\u00e1vel. Os pre\u00e7os podem ser alterados sem aviso pr\u00e9vio.<\/p>\n<p>Os produtos em promo\u00e7\u00e3o est\u00e3o limitados ao stock existente.<\/p>\n<p>Os produtos em promo\u00e7\u00e3o n\u00e3o acumulam com outras campanhas.[\/vc_toggle][vc_empty_space][vc_toggle title=&#8221;SER\u00c1 PUBLICADA A DEVIDA INFORMA\u00c7\u00c3O AQUANDO DA REALIZA\u00c7\u00c3O DE SALDOS\/DESCONTOS\/PROMO\u00c7\u00d5ES&#8221; style=&#8221;text_only&#8221; size=&#8221;lg&#8221; open=&#8221;true&#8221;]Modalidade de vendas (saldos, promo\u00e7\u00f5es ou liquida\u00e7\u00e3o)<\/p>\n<p>Tipo de produtos<\/p>\n<p>Percentagem de redu\u00e7\u00e3o<\/p>\n<p>Data de in\u00edcio e per\u00edodo de dura\u00e7\u00e3o<\/p>\n<p>Ser\u00e1 igualmente comunicada \u00e0 ASAE a realiza\u00e7\u00e3o destes eventos comerciais.[\/vc_toggle][\/vc_column][vc_column width=&#8221;2\/12&#8243;][\/vc_column][\/vc_row]<\/p>\n","protected":false},"excerpt":{"rendered":"<p>[vc_row][vc_column width=&#8221;8\/12&#8243;][vc_empty_space][vc_toggle title=&#8221;Loja online smfoods&#8221; style=&#8221;text_only&#8221; size=&#8221;lg&#8221; open=&#8221;true&#8221; el_id=&#8221;1464939184208-3761b6d5-e09b&#8221;]A loja online smfoods \u00e9 propriedade da Sousa &amp; Morgado, Lda. com sede na Rua Clube Atl\u00e9tico de Rio Tinto, 143, 4435-188 Rio Tinto, pessoa coletiva n\u00ba 502 792 051, doravante designada Sousa &amp; Morgado.[\/vc_toggle][vc_empty_space][vc_toggle title=&#8221;CAE&#8221; style=&#8221;text_only&#8221; size=&#8221;lg&#8221; open=&#8221;true&#8221;]O C\u00f3digo de Atividade Econ\u00f3mica principal de Sousa &amp;&hellip;<\/p>\n","protected":false},"author":77,"featured_media":0,"parent":0,"menu_order":0,"comment_status":"closed","ping_status":"closed","template":"","meta":{"footnotes":""},"class_list":["post-9048","page","type-page","status-publish","hentry"],"_links":{"self":[{"href":"https:\/\/smfoods.pt\/loja\/wp-json\/wp\/v2\/pages\/9048","targetHints":{"allow":["GET"]}}],"collection":[{"href":"https:\/\/smfoods.pt\/loja\/wp-json\/wp\/v2\/pages"}],"about":[{"href":"https:\/\/smfoods.pt\/loja\/wp-json\/wp\/v2\/types\/page"}],"author":[{"embeddable":true,"href":"https:\/\/smfoods.pt\/loja\/wp-json\/wp\/v2\/users\/77"}],"replies":[{"embeddable":true,"href":"https:\/\/smfoods.pt\/loja\/wp-json\/wp\/v2\/comments?post=9048"}],"version-history":[{"count":0,"href":"https:\/\/smfoods.pt\/loja\/wp-json\/wp\/v2\/pages\/9048\/revisions"}],"wp:attachment":[{"href":"https:\/\/smfoods.pt\/loja\/wp-json\/wp\/v2\/media?parent=9048"}],"curies":[{"name":"wp","href":"https:\/\/api.w.org\/{rel}","templated":true}]}}