
{"id":61926,"date":"2023-01-27T09:24:28","date_gmt":"2023-01-27T09:24:28","guid":{"rendered":"https:\/\/smfoods.pt\/loja\/produto\/000392-pure-100-maracuja-1-kg\/"},"modified":"2024-03-04T14:12:41","modified_gmt":"2024-03-04T14:12:41","slug":"000392-pure-100-maracuja-1-kg","status":"publish","type":"product","link":"https:\/\/smfoods.pt\/loja\/produto\/000392-pure-100-maracuja-1-kg\/","title":{"rendered":"Pur\u00e9 100% Maracuj\u00e1 1 Kg"},"content":{"rendered":"<p><strong>Observa\u00e7\u00f5es: <\/strong>Origem: Ecuador | Nome Varietal: Flavicarpa | Caixa 6 Master 6 cuvetes<\/p>\n","protected":false},"excerpt":{"rendered":"<p>Observa\u00e7\u00f5es: Origem: Ecuador | Nome Varietal: Flavicarpa | Caixa 6 Master 6 cuvetes<\/p>\n","protected":false},"featured_media":67407,"template":"","meta":[],"product_cat":[2922,2991,2992,2989,2990],"product_tag":[],"class_list":{"0":"post-61926","1":"product","2":"type-product","3":"status-publish","4":"has-post-thumbnail","6":"product_cat-restauracao-novidades","7":"product_cat-pastelaria-pures-de-frura","8":"product_cat-restauracao-pures-de-fruta","9":"product_cat-frozen-pures-de-fruta","10":"product_cat-gelataria-pures-de-fruta","12":"first","13":"instock","14":"taxable","15":"shipping-taxable","16":"product-type-simple","17":"add-to-wishlist-before_image","18":"col-xs-6 col-sm-4","19":"col-md-3 col-lg-3","20":"un-4-cols"},"_links":{"self":[{"href":"https:\/\/smfoods.pt\/loja\/wp-json\/wp\/v2\/product\/61926","targetHints":{"allow":["GET"]}}],"collection":[{"href":"https:\/\/smfoods.pt\/loja\/wp-json\/wp\/v2\/product"}],"about":[{"href":"https:\/\/smfoods.pt\/loja\/wp-json\/wp\/v2\/types\/product"}],"version-history":[{"count":2,"href":"https:\/\/smfoods.pt\/loja\/wp-json\/wp\/v2\/product\/61926\/revisions"}],"predecessor-version":[{"id":70788,"href":"https:\/\/smfoods.pt\/loja\/wp-json\/wp\/v2\/product\/61926\/revisions\/70788"}],"wp:featuredmedia":[{"embeddable":true,"href":"https:\/\/smfoods.pt\/loja\/wp-json\/wp\/v2\/media\/67407"}],"wp:attachment":[{"href":"https:\/\/smfoods.pt\/loja\/wp-json\/wp\/v2\/media?parent=61926"}],"wp:term":[{"taxonomy":"product_cat","embeddable":true,"href":"https:\/\/smfoods.pt\/loja\/wp-json\/wp\/v2\/product_cat?post=61926"},{"taxonomy":"product_tag","embeddable":true,"href":"https:\/\/smfoods.pt\/loja\/wp-json\/wp\/v2\/product_tag?post=61926"}],"curies":[{"name":"wp","href":"https:\/\/api.w.org\/{rel}","templated":true}]}}