
{"id":61928,"date":"2023-01-27T09:24:30","date_gmt":"2023-01-27T09:24:30","guid":{"rendered":"https:\/\/smfoods.pt\/loja\/produto\/000371-pure-100-tangerina-1kg\/"},"modified":"2024-03-04T14:11:51","modified_gmt":"2024-03-04T14:11:51","slug":"000371-pure-100-tangerina-1kg","status":"publish","type":"product","link":"https:\/\/smfoods.pt\/loja\/produto\/000371-pure-100-tangerina-1kg\/","title":{"rendered":"Pur\u00e9 100% Tangerina 1kg"},"content":{"rendered":"<p><strong>Observa\u00e7\u00f5es: <\/strong>Origem: Sicilia (It\u00e1lia) | Caixa completa 6 cuvetes<\/p>\n","protected":false},"excerpt":{"rendered":"<p>Observa\u00e7\u00f5es: Origem: Sicilia (It\u00e1lia) | Caixa completa 6 cuvetes<\/p>\n","protected":false},"featured_media":67374,"template":"","meta":[],"product_cat":[2991,2992,2989,2990],"product_tag":[],"class_list":{"0":"post-61928","1":"product","2":"type-product","3":"status-publish","4":"has-post-thumbnail","6":"product_cat-pastelaria-pures-de-frura","7":"product_cat-restauracao-pures-de-fruta","8":"product_cat-frozen-pures-de-fruta","9":"product_cat-gelataria-pures-de-fruta","11":"first","12":"instock","13":"taxable","14":"shipping-taxable","15":"product-type-simple","16":"add-to-wishlist-before_image","17":"col-xs-6 col-sm-4","18":"col-md-3 col-lg-3","19":"un-4-cols"},"_links":{"self":[{"href":"https:\/\/smfoods.pt\/loja\/wp-json\/wp\/v2\/product\/61928","targetHints":{"allow":["GET"]}}],"collection":[{"href":"https:\/\/smfoods.pt\/loja\/wp-json\/wp\/v2\/product"}],"about":[{"href":"https:\/\/smfoods.pt\/loja\/wp-json\/wp\/v2\/types\/product"}],"version-history":[{"count":2,"href":"https:\/\/smfoods.pt\/loja\/wp-json\/wp\/v2\/product\/61928\/revisions"}],"predecessor-version":[{"id":71397,"href":"https:\/\/smfoods.pt\/loja\/wp-json\/wp\/v2\/product\/61928\/revisions\/71397"}],"wp:featuredmedia":[{"embeddable":true,"href":"https:\/\/smfoods.pt\/loja\/wp-json\/wp\/v2\/media\/67374"}],"wp:attachment":[{"href":"https:\/\/smfoods.pt\/loja\/wp-json\/wp\/v2\/media?parent=61928"}],"wp:term":[{"taxonomy":"product_cat","embeddable":true,"href":"https:\/\/smfoods.pt\/loja\/wp-json\/wp\/v2\/product_cat?post=61928"},{"taxonomy":"product_tag","embeddable":true,"href":"https:\/\/smfoods.pt\/loja\/wp-json\/wp\/v2\/product_tag?post=61928"}],"curies":[{"name":"wp","href":"https:\/\/api.w.org\/{rel}","templated":true}]}}