
{"id":61934,"date":"2023-01-27T09:24:35","date_gmt":"2023-01-27T09:24:35","guid":{"rendered":"https:\/\/smfoods.pt\/loja\/produto\/000275-pure-de-ananas-1kg\/"},"modified":"2023-03-27T14:38:43","modified_gmt":"2023-03-27T14:38:43","slug":"000275-pure-de-ananas-1kg","status":"publish","type":"product","link":"https:\/\/smfoods.pt\/loja\/produto\/000275-pure-de-ananas-1kg\/","title":{"rendered":"Pur\u00e9 de Anan\u00e1s 1Kg"},"content":{"rendered":"<p><strong>Observa\u00e7\u00f5es: <\/strong>Origem: Costa Rica | Nome Varietal: Golden | Caixa completa 6 cuvetes | 10% A\u00e7ucar adicionado<\/p>\n","protected":false},"excerpt":{"rendered":"<p>Observa\u00e7\u00f5es: Origem: Costa Rica | Nome Varietal: Golden | Caixa completa 6 cuvetes | 10% A\u00e7ucar adicionado<\/p>\n","protected":false},"featured_media":67406,"template":"","meta":[],"product_cat":[2991,2989,2990,2992],"product_tag":[],"class_list":{"0":"post-61934","1":"product","2":"type-product","3":"status-publish","4":"has-post-thumbnail","6":"product_cat-pastelaria-pures-de-frura","7":"product_cat-frozen-pures-de-fruta","8":"product_cat-gelataria-pures-de-fruta","9":"product_cat-restauracao-pures-de-fruta","11":"first","12":"instock","13":"taxable","14":"shipping-taxable","15":"product-type-simple","16":"add-to-wishlist-before_image","17":"col-xs-6 col-sm-4","18":"col-md-3 col-lg-3","19":"un-4-cols"},"_links":{"self":[{"href":"https:\/\/smfoods.pt\/loja\/wp-json\/wp\/v2\/product\/61934","targetHints":{"allow":["GET"]}}],"collection":[{"href":"https:\/\/smfoods.pt\/loja\/wp-json\/wp\/v2\/product"}],"about":[{"href":"https:\/\/smfoods.pt\/loja\/wp-json\/wp\/v2\/types\/product"}],"version-history":[{"count":1,"href":"https:\/\/smfoods.pt\/loja\/wp-json\/wp\/v2\/product\/61934\/revisions"}],"predecessor-version":[{"id":70787,"href":"https:\/\/smfoods.pt\/loja\/wp-json\/wp\/v2\/product\/61934\/revisions\/70787"}],"wp:featuredmedia":[{"embeddable":true,"href":"https:\/\/smfoods.pt\/loja\/wp-json\/wp\/v2\/media\/67406"}],"wp:attachment":[{"href":"https:\/\/smfoods.pt\/loja\/wp-json\/wp\/v2\/media?parent=61934"}],"wp:term":[{"taxonomy":"product_cat","embeddable":true,"href":"https:\/\/smfoods.pt\/loja\/wp-json\/wp\/v2\/product_cat?post=61934"},{"taxonomy":"product_tag","embeddable":true,"href":"https:\/\/smfoods.pt\/loja\/wp-json\/wp\/v2\/product_tag?post=61934"}],"curies":[{"name":"wp","href":"https:\/\/api.w.org\/{rel}","templated":true}]}}