
{"id":61952,"date":"2023-01-27T09:24:51","date_gmt":"2023-01-27T09:24:51","guid":{"rendered":"https:\/\/smfoods.pt\/loja\/produto\/000118-pure-de-acai-1kg\/"},"modified":"2023-03-27T14:38:23","modified_gmt":"2023-03-27T14:38:23","slug":"000118-pure-de-acai-1kg","status":"publish","type":"product","link":"https:\/\/smfoods.pt\/loja\/produto\/000118-pure-de-acai-1kg\/","title":{"rendered":"Pur\u00e9 de A\u00e7a\u00ed 1kg"},"content":{"rendered":"<p><strong>Observa\u00e7\u00f5es: <\/strong>Origem: Brasil | Caixa Master com 6 cuvetes de 1 Kg<\/p>\n","protected":false},"excerpt":{"rendered":"<p>Observa\u00e7\u00f5es: Origem: Brasil | Caixa Master com 6 cuvetes de 1 Kg<\/p>\n","protected":false},"featured_media":67357,"template":"","meta":[],"product_cat":[2991,2992,2989,2990],"product_tag":[],"class_list":{"0":"post-61952","1":"product","2":"type-product","3":"status-publish","4":"has-post-thumbnail","6":"product_cat-pastelaria-pures-de-frura","7":"product_cat-restauracao-pures-de-fruta","8":"product_cat-frozen-pures-de-fruta","9":"product_cat-gelataria-pures-de-fruta","11":"first","12":"instock","13":"taxable","14":"shipping-taxable","15":"product-type-simple","16":"add-to-wishlist-before_image","17":"col-xs-6 col-sm-4","18":"col-md-3 col-lg-3","19":"un-4-cols"},"_links":{"self":[{"href":"https:\/\/smfoods.pt\/loja\/wp-json\/wp\/v2\/product\/61952","targetHints":{"allow":["GET"]}}],"collection":[{"href":"https:\/\/smfoods.pt\/loja\/wp-json\/wp\/v2\/product"}],"about":[{"href":"https:\/\/smfoods.pt\/loja\/wp-json\/wp\/v2\/types\/product"}],"version-history":[{"count":1,"href":"https:\/\/smfoods.pt\/loja\/wp-json\/wp\/v2\/product\/61952\/revisions"}],"predecessor-version":[{"id":70797,"href":"https:\/\/smfoods.pt\/loja\/wp-json\/wp\/v2\/product\/61952\/revisions\/70797"}],"wp:featuredmedia":[{"embeddable":true,"href":"https:\/\/smfoods.pt\/loja\/wp-json\/wp\/v2\/media\/67357"}],"wp:attachment":[{"href":"https:\/\/smfoods.pt\/loja\/wp-json\/wp\/v2\/media?parent=61952"}],"wp:term":[{"taxonomy":"product_cat","embeddable":true,"href":"https:\/\/smfoods.pt\/loja\/wp-json\/wp\/v2\/product_cat?post=61952"},{"taxonomy":"product_tag","embeddable":true,"href":"https:\/\/smfoods.pt\/loja\/wp-json\/wp\/v2\/product_tag?post=61952"}],"curies":[{"name":"wp","href":"https:\/\/api.w.org\/{rel}","templated":true}]}}