
{"id":61972,"date":"2023-01-27T09:25:11","date_gmt":"2023-01-27T09:25:11","guid":{"rendered":"https:\/\/smfoods.pt\/loja\/produto\/0225-sm-7-sementes-25-kg\/"},"modified":"2024-03-04T14:15:57","modified_gmt":"2024-03-04T14:15:57","slug":"0225-sm-7-sementes-25-kg","status":"publish","type":"product","link":"https:\/\/smfoods.pt\/loja\/produto\/0225-sm-7-sementes-25-kg\/","title":{"rendered":"SM 7 Sementes 25 Kg"},"content":{"rendered":"<p><strong>Observa\u00e7\u00f5es: <\/strong>Ingredientes: Flocos de Aveia, fl. , Linha\u00e7a Dourada, Linha\u00e7a castanha, Milheto, Girassol, Sesamo<\/p>\n","protected":false},"excerpt":{"rendered":"<p>Observa\u00e7\u00f5es: Ingredientes: Flocos de Aveia, fl. , Linha\u00e7a Dourada, Linha\u00e7a castanha, Milheto, Girassol, Sesamo<\/p>\n","protected":false},"featured_media":67494,"template":"","meta":[],"product_cat":[2997],"product_tag":[],"class_list":{"0":"post-61972","1":"product","2":"type-product","3":"status-publish","4":"has-post-thumbnail","6":"product_cat-padaria-sementes","8":"first","9":"instock","10":"taxable","11":"shipping-taxable","12":"product-type-simple","13":"add-to-wishlist-before_image","14":"col-xs-6 col-sm-4","15":"col-md-3 col-lg-3","16":"un-4-cols"},"_links":{"self":[{"href":"https:\/\/smfoods.pt\/loja\/wp-json\/wp\/v2\/product\/61972","targetHints":{"allow":["GET"]}}],"collection":[{"href":"https:\/\/smfoods.pt\/loja\/wp-json\/wp\/v2\/product"}],"about":[{"href":"https:\/\/smfoods.pt\/loja\/wp-json\/wp\/v2\/types\/product"}],"version-history":[{"count":1,"href":"https:\/\/smfoods.pt\/loja\/wp-json\/wp\/v2\/product\/61972\/revisions"}],"predecessor-version":[{"id":70820,"href":"https:\/\/smfoods.pt\/loja\/wp-json\/wp\/v2\/product\/61972\/revisions\/70820"}],"wp:featuredmedia":[{"embeddable":true,"href":"https:\/\/smfoods.pt\/loja\/wp-json\/wp\/v2\/media\/67494"}],"wp:attachment":[{"href":"https:\/\/smfoods.pt\/loja\/wp-json\/wp\/v2\/media?parent=61972"}],"wp:term":[{"taxonomy":"product_cat","embeddable":true,"href":"https:\/\/smfoods.pt\/loja\/wp-json\/wp\/v2\/product_cat?post=61972"},{"taxonomy":"product_tag","embeddable":true,"href":"https:\/\/smfoods.pt\/loja\/wp-json\/wp\/v2\/product_tag?post=61972"}],"curies":[{"name":"wp","href":"https:\/\/api.w.org\/{rel}","templated":true}]}}