
{"id":62344,"date":"2023-01-27T09:31:33","date_gmt":"2023-01-27T09:31:33","guid":{"rendered":"https:\/\/smfoods.pt\/loja\/produto\/10041-torpedo-de-camarao-cx-1-kg\/"},"modified":"2024-03-04T14:51:31","modified_gmt":"2024-03-04T14:51:31","slug":"10041-torpedo-de-camarao-cx-1-kg","status":"publish","type":"product","link":"https:\/\/smfoods.pt\/loja\/produto\/10041-torpedo-de-camarao-cx-1-kg\/","title":{"rendered":"Torpedo de Camar\u00e3o Cx 1 kg"},"content":{"rendered":"<p><strong>Observa\u00e7\u00f5es: <\/strong>50 Unid \/cx (Caixa master com 4 caixas x 1 KG)<\/p>\n","protected":false},"excerpt":{"rendered":"<p>Observa\u00e7\u00f5es: 50 Unid \/cx (Caixa master com 4 caixas x 1 KG)<\/p>\n","protected":false},"featured_media":67574,"template":"","meta":[],"product_cat":[3049,2922],"product_tag":[],"class_list":{"0":"post-62344","1":"product","2":"type-product","3":"status-publish","4":"has-post-thumbnail","6":"product_cat-restauracao-peixes-camaroes","7":"product_cat-restauracao-novidades","9":"first","10":"instock","11":"taxable","12":"shipping-taxable","13":"product-type-simple","14":"add-to-wishlist-before_image","15":"col-xs-6 col-sm-4","16":"col-md-3 col-lg-3","17":"un-4-cols"},"_links":{"self":[{"href":"https:\/\/smfoods.pt\/loja\/wp-json\/wp\/v2\/product\/62344","targetHints":{"allow":["GET"]}}],"collection":[{"href":"https:\/\/smfoods.pt\/loja\/wp-json\/wp\/v2\/product"}],"about":[{"href":"https:\/\/smfoods.pt\/loja\/wp-json\/wp\/v2\/types\/product"}],"version-history":[{"count":1,"href":"https:\/\/smfoods.pt\/loja\/wp-json\/wp\/v2\/product\/62344\/revisions"}],"predecessor-version":[{"id":70825,"href":"https:\/\/smfoods.pt\/loja\/wp-json\/wp\/v2\/product\/62344\/revisions\/70825"}],"wp:featuredmedia":[{"embeddable":true,"href":"https:\/\/smfoods.pt\/loja\/wp-json\/wp\/v2\/media\/67574"}],"wp:attachment":[{"href":"https:\/\/smfoods.pt\/loja\/wp-json\/wp\/v2\/media?parent=62344"}],"wp:term":[{"taxonomy":"product_cat","embeddable":true,"href":"https:\/\/smfoods.pt\/loja\/wp-json\/wp\/v2\/product_cat?post=62344"},{"taxonomy":"product_tag","embeddable":true,"href":"https:\/\/smfoods.pt\/loja\/wp-json\/wp\/v2\/product_tag?post=62344"}],"curies":[{"name":"wp","href":"https:\/\/api.w.org\/{rel}","templated":true}]}}