
{"id":62346,"date":"2023-01-27T09:31:35","date_gmt":"2023-01-27T09:31:35","guid":{"rendered":"https:\/\/smfoods.pt\/loja\/produto\/10056737-chausson-de-maca-54-x100g\/"},"modified":"2024-03-04T14:17:11","modified_gmt":"2024-03-04T14:17:11","slug":"10056737-chausson-de-maca-54-x100g","status":"publish","type":"product","link":"https:\/\/smfoods.pt\/loja\/produto\/10056737-chausson-de-maca-54-x100g\/","title":{"rendered":"Chausson de Ma\u00e7\u00e3 (54 x100g)"},"content":{"rendered":"<p><strong>Observa\u00e7\u00f5es: <\/strong><\/p>\n","protected":false},"excerpt":{"rendered":"<p>Observa\u00e7\u00f5es:<\/p>\n","protected":false},"featured_media":67612,"template":"","meta":[],"product_cat":[3052],"product_tag":[],"class_list":{"0":"post-62346","1":"product","2":"type-product","3":"status-publish","4":"has-post-thumbnail","6":"product_cat-frozen-pastelaria-croissanteria","8":"first","9":"onbackorder","10":"taxable","11":"shipping-taxable","12":"product-type-simple","13":"add-to-wishlist-before_image","14":"col-xs-6 col-sm-4","15":"col-md-3 col-lg-3","16":"un-4-cols"},"_links":{"self":[{"href":"https:\/\/smfoods.pt\/loja\/wp-json\/wp\/v2\/product\/62346","targetHints":{"allow":["GET"]}}],"collection":[{"href":"https:\/\/smfoods.pt\/loja\/wp-json\/wp\/v2\/product"}],"about":[{"href":"https:\/\/smfoods.pt\/loja\/wp-json\/wp\/v2\/types\/product"}],"version-history":[{"count":2,"href":"https:\/\/smfoods.pt\/loja\/wp-json\/wp\/v2\/product\/62346\/revisions"}],"predecessor-version":[{"id":70841,"href":"https:\/\/smfoods.pt\/loja\/wp-json\/wp\/v2\/product\/62346\/revisions\/70841"}],"wp:featuredmedia":[{"embeddable":true,"href":"https:\/\/smfoods.pt\/loja\/wp-json\/wp\/v2\/media\/67612"}],"wp:attachment":[{"href":"https:\/\/smfoods.pt\/loja\/wp-json\/wp\/v2\/media?parent=62346"}],"wp:term":[{"taxonomy":"product_cat","embeddable":true,"href":"https:\/\/smfoods.pt\/loja\/wp-json\/wp\/v2\/product_cat?post=62346"},{"taxonomy":"product_tag","embeddable":true,"href":"https:\/\/smfoods.pt\/loja\/wp-json\/wp\/v2\/product_tag?post=62346"}],"curies":[{"name":"wp","href":"https:\/\/api.w.org\/{rel}","templated":true}]}}