
{"id":62458,"date":"2023-01-27T09:33:22","date_gmt":"2023-01-27T09:33:22","guid":{"rendered":"https:\/\/smfoods.pt\/loja\/produto\/10219367-mini-tranca-pecan-40-gr-x-100-unid\/"},"modified":"2024-03-04T14:15:34","modified_gmt":"2024-03-04T14:15:34","slug":"10219367-mini-tranca-pecan-40-gr-x-100-unid","status":"publish","type":"product","link":"https:\/\/smfoods.pt\/loja\/produto\/10219367-mini-tranca-pecan-40-gr-x-100-unid\/","title":{"rendered":"Mini Tran\u00e7a Pecan 40 gr x 100 unid"},"content":{"rendered":"<p><strong>Observa\u00e7\u00f5es: <\/strong><\/p>\n","protected":false},"excerpt":{"rendered":"<p>Observa\u00e7\u00f5es:<\/p>\n","protected":false},"featured_media":67532,"template":"","meta":[],"product_cat":[3111],"product_tag":[],"class_list":{"0":"post-62458","1":"product","2":"type-product","3":"status-publish","4":"has-post-thumbnail","6":"product_cat-frozen-pastelaria-varios","8":"first","9":"onbackorder","10":"taxable","11":"shipping-taxable","12":"product-type-simple","13":"add-to-wishlist-before_image","14":"col-xs-6 col-sm-4","15":"col-md-3 col-lg-3","16":"un-4-cols"},"_links":{"self":[{"href":"https:\/\/smfoods.pt\/loja\/wp-json\/wp\/v2\/product\/62458","targetHints":{"allow":["GET"]}}],"collection":[{"href":"https:\/\/smfoods.pt\/loja\/wp-json\/wp\/v2\/product"}],"about":[{"href":"https:\/\/smfoods.pt\/loja\/wp-json\/wp\/v2\/types\/product"}],"version-history":[{"count":1,"href":"https:\/\/smfoods.pt\/loja\/wp-json\/wp\/v2\/product\/62458\/revisions"}],"predecessor-version":[{"id":70804,"href":"https:\/\/smfoods.pt\/loja\/wp-json\/wp\/v2\/product\/62458\/revisions\/70804"}],"wp:featuredmedia":[{"embeddable":true,"href":"https:\/\/smfoods.pt\/loja\/wp-json\/wp\/v2\/media\/67532"}],"wp:attachment":[{"href":"https:\/\/smfoods.pt\/loja\/wp-json\/wp\/v2\/media?parent=62458"}],"wp:term":[{"taxonomy":"product_cat","embeddable":true,"href":"https:\/\/smfoods.pt\/loja\/wp-json\/wp\/v2\/product_cat?post=62458"},{"taxonomy":"product_tag","embeddable":true,"href":"https:\/\/smfoods.pt\/loja\/wp-json\/wp\/v2\/product_tag?post=62458"}],"curies":[{"name":"wp","href":"https:\/\/api.w.org\/{rel}","templated":true}]}}