
{"id":62472,"date":"2023-01-27T09:33:36","date_gmt":"2023-01-27T09:33:36","guid":{"rendered":"https:\/\/smfoods.pt\/loja\/produto\/12091011-neutro-s-1-kg\/"},"modified":"2024-03-04T14:24:30","modified_gmt":"2024-03-04T14:24:30","slug":"12091011-neutro-s-1-kg","status":"publish","type":"product","link":"https:\/\/smfoods.pt\/loja\/produto\/12091011-neutro-s-1-kg\/","title":{"rendered":"Neutro S 1 Kg"},"content":{"rendered":"<p><strong>Observa\u00e7\u00f5es: <\/strong>Dosagem de aplica\u00e7\u00e3o: 5 gr<\/p>\n","protected":false},"excerpt":{"rendered":"<p>Observa\u00e7\u00f5es: Dosagem de aplica\u00e7\u00e3o: 5 gr<\/p>\n","protected":false},"featured_media":68225,"template":"","meta":[],"product_cat":[2925],"product_tag":[],"class_list":{"0":"post-62472","1":"product","2":"type-product","3":"status-publish","4":"has-post-thumbnail","6":"product_cat-gelataria-bases-gelado","8":"first","9":"onbackorder","10":"taxable","11":"shipping-taxable","12":"product-type-simple","13":"add-to-wishlist-before_image","14":"col-xs-6 col-sm-4","15":"col-md-3 col-lg-3","16":"un-4-cols"},"_links":{"self":[{"href":"https:\/\/smfoods.pt\/loja\/wp-json\/wp\/v2\/product\/62472","targetHints":{"allow":["GET"]}}],"collection":[{"href":"https:\/\/smfoods.pt\/loja\/wp-json\/wp\/v2\/product"}],"about":[{"href":"https:\/\/smfoods.pt\/loja\/wp-json\/wp\/v2\/types\/product"}],"version-history":[{"count":2,"href":"https:\/\/smfoods.pt\/loja\/wp-json\/wp\/v2\/product\/62472\/revisions"}],"predecessor-version":[{"id":72101,"href":"https:\/\/smfoods.pt\/loja\/wp-json\/wp\/v2\/product\/62472\/revisions\/72101"}],"wp:featuredmedia":[{"embeddable":true,"href":"https:\/\/smfoods.pt\/loja\/wp-json\/wp\/v2\/media\/68225"}],"wp:attachment":[{"href":"https:\/\/smfoods.pt\/loja\/wp-json\/wp\/v2\/media?parent=62472"}],"wp:term":[{"taxonomy":"product_cat","embeddable":true,"href":"https:\/\/smfoods.pt\/loja\/wp-json\/wp\/v2\/product_cat?post=62472"},{"taxonomy":"product_tag","embeddable":true,"href":"https:\/\/smfoods.pt\/loja\/wp-json\/wp\/v2\/product_tag?post=62472"}],"curies":[{"name":"wp","href":"https:\/\/api.w.org\/{rel}","templated":true}]}}