
{"id":62512,"date":"2023-01-27T09:34:14","date_gmt":"2023-01-27T09:34:14","guid":{"rendered":"https:\/\/smfoods.pt\/loja\/produto\/12092005-pistacho-puro-100-balde-25kg\/"},"modified":"2024-03-04T14:22:58","modified_gmt":"2024-03-04T14:22:58","slug":"12092005-pistacho-puro-100-balde-25kg","status":"publish","type":"product","link":"https:\/\/smfoods.pt\/loja\/produto\/12092005-pistacho-puro-100-balde-25kg\/","title":{"rendered":"Pistacho Puro 100% Balde 2,5Kg"},"content":{"rendered":"<p><strong>Observa\u00e7\u00f5es: <\/strong>Dosagem de Aplica\u00e7\u00e3o: 80 gr<\/p>\n","protected":false},"excerpt":{"rendered":"<p>Observa\u00e7\u00f5es: Dosagem de Aplica\u00e7\u00e3o: 80 gr<\/p>\n","protected":false},"featured_media":67856,"template":"","meta":[],"product_cat":[2985],"product_tag":[],"class_list":{"0":"post-62512","1":"product","2":"type-product","3":"status-publish","4":"has-post-thumbnail","6":"product_cat-gelataria-pastas-gelado","8":"first","9":"instock","10":"taxable","11":"shipping-taxable","12":"product-type-simple","13":"add-to-wishlist-before_image","14":"col-xs-6 col-sm-4","15":"col-md-3 col-lg-3","16":"un-4-cols"},"_links":{"self":[{"href":"https:\/\/smfoods.pt\/loja\/wp-json\/wp\/v2\/product\/62512","targetHints":{"allow":["GET"]}}],"collection":[{"href":"https:\/\/smfoods.pt\/loja\/wp-json\/wp\/v2\/product"}],"about":[{"href":"https:\/\/smfoods.pt\/loja\/wp-json\/wp\/v2\/types\/product"}],"version-history":[{"count":2,"href":"https:\/\/smfoods.pt\/loja\/wp-json\/wp\/v2\/product\/62512\/revisions"}],"predecessor-version":[{"id":70844,"href":"https:\/\/smfoods.pt\/loja\/wp-json\/wp\/v2\/product\/62512\/revisions\/70844"}],"wp:featuredmedia":[{"embeddable":true,"href":"https:\/\/smfoods.pt\/loja\/wp-json\/wp\/v2\/media\/67856"}],"wp:attachment":[{"href":"https:\/\/smfoods.pt\/loja\/wp-json\/wp\/v2\/media?parent=62512"}],"wp:term":[{"taxonomy":"product_cat","embeddable":true,"href":"https:\/\/smfoods.pt\/loja\/wp-json\/wp\/v2\/product_cat?post=62512"},{"taxonomy":"product_tag","embeddable":true,"href":"https:\/\/smfoods.pt\/loja\/wp-json\/wp\/v2\/product_tag?post=62512"}],"curies":[{"name":"wp","href":"https:\/\/api.w.org\/{rel}","templated":true}]}}