
{"id":62528,"date":"2023-01-27T09:34:29","date_gmt":"2023-01-27T09:34:29","guid":{"rendered":"https:\/\/smfoods.pt\/loja\/produto\/12092301-gran-caffe-balde-5kg\/"},"modified":"2024-03-04T14:25:59","modified_gmt":"2024-03-04T14:25:59","slug":"12092301-gran-caffe-balde-5kg","status":"publish","type":"product","link":"https:\/\/smfoods.pt\/loja\/produto\/12092301-gran-caffe-balde-5kg\/","title":{"rendered":"Gran Caffe Balde 5kg"},"content":{"rendered":"<p><strong>Observa\u00e7\u00f5es: <\/strong>Dosagem de aplica\u00e7\u00e3o: 70 gr.<\/p>\n","protected":false},"excerpt":{"rendered":"<p>Observa\u00e7\u00f5es: Dosagem de aplica\u00e7\u00e3o: 70 gr.<\/p>\n","protected":false},"featured_media":68205,"template":"","meta":[],"product_cat":[2985],"product_tag":[],"class_list":{"0":"post-62528","1":"product","2":"type-product","3":"status-publish","4":"has-post-thumbnail","6":"product_cat-gelataria-pastas-gelado","8":"first","9":"instock","10":"taxable","11":"shipping-taxable","12":"product-type-simple","13":"add-to-wishlist-before_image","14":"col-xs-6 col-sm-4","15":"col-md-3 col-lg-3","16":"un-4-cols"},"_links":{"self":[{"href":"https:\/\/smfoods.pt\/loja\/wp-json\/wp\/v2\/product\/62528","targetHints":{"allow":["GET"]}}],"collection":[{"href":"https:\/\/smfoods.pt\/loja\/wp-json\/wp\/v2\/product"}],"about":[{"href":"https:\/\/smfoods.pt\/loja\/wp-json\/wp\/v2\/types\/product"}],"version-history":[{"count":1,"href":"https:\/\/smfoods.pt\/loja\/wp-json\/wp\/v2\/product\/62528\/revisions"}],"predecessor-version":[{"id":70885,"href":"https:\/\/smfoods.pt\/loja\/wp-json\/wp\/v2\/product\/62528\/revisions\/70885"}],"wp:featuredmedia":[{"embeddable":true,"href":"https:\/\/smfoods.pt\/loja\/wp-json\/wp\/v2\/media\/68205"}],"wp:attachment":[{"href":"https:\/\/smfoods.pt\/loja\/wp-json\/wp\/v2\/media?parent=62528"}],"wp:term":[{"taxonomy":"product_cat","embeddable":true,"href":"https:\/\/smfoods.pt\/loja\/wp-json\/wp\/v2\/product_cat?post=62528"},{"taxonomy":"product_tag","embeddable":true,"href":"https:\/\/smfoods.pt\/loja\/wp-json\/wp\/v2\/product_tag?post=62528"}],"curies":[{"name":"wp","href":"https:\/\/api.w.org\/{rel}","templated":true}]}}