
{"id":62540,"date":"2023-01-27T09:34:41","date_gmt":"2023-01-27T09:34:41","guid":{"rendered":"https:\/\/smfoods.pt\/loja\/produto\/12092861-torroncino-lata-35-kg\/"},"modified":"2024-03-04T14:25:23","modified_gmt":"2024-03-04T14:25:23","slug":"12092861-torroncino-lata-35-kg","status":"publish","type":"product","link":"https:\/\/smfoods.pt\/loja\/produto\/12092861-torroncino-lata-35-kg\/","title":{"rendered":"Torroncino Lata 3,5 kg"},"content":{"rendered":"<p><strong>Observa\u00e7\u00f5es: <\/strong>Pasta para fazer gelado de torr\u00e3o Italiano, com mel.<\/p>\n","protected":false},"excerpt":{"rendered":"<p>Observa\u00e7\u00f5es: Pasta para fazer gelado de torr\u00e3o Italiano, com mel.<\/p>\n","protected":false},"featured_media":67942,"template":"","meta":[],"product_cat":[2985],"product_tag":[],"class_list":{"0":"post-62540","1":"product","2":"type-product","3":"status-publish","4":"has-post-thumbnail","6":"product_cat-gelataria-pastas-gelado","8":"first","9":"instock","10":"taxable","11":"shipping-taxable","12":"product-type-simple","13":"add-to-wishlist-before_image","14":"col-xs-6 col-sm-4","15":"col-md-3 col-lg-3","16":"un-4-cols"},"_links":{"self":[{"href":"https:\/\/smfoods.pt\/loja\/wp-json\/wp\/v2\/product\/62540","targetHints":{"allow":["GET"]}}],"collection":[{"href":"https:\/\/smfoods.pt\/loja\/wp-json\/wp\/v2\/product"}],"about":[{"href":"https:\/\/smfoods.pt\/loja\/wp-json\/wp\/v2\/types\/product"}],"version-history":[{"count":2,"href":"https:\/\/smfoods.pt\/loja\/wp-json\/wp\/v2\/product\/62540\/revisions"}],"predecessor-version":[{"id":72111,"href":"https:\/\/smfoods.pt\/loja\/wp-json\/wp\/v2\/product\/62540\/revisions\/72111"}],"wp:featuredmedia":[{"embeddable":true,"href":"https:\/\/smfoods.pt\/loja\/wp-json\/wp\/v2\/media\/67942"}],"wp:attachment":[{"href":"https:\/\/smfoods.pt\/loja\/wp-json\/wp\/v2\/media?parent=62540"}],"wp:term":[{"taxonomy":"product_cat","embeddable":true,"href":"https:\/\/smfoods.pt\/loja\/wp-json\/wp\/v2\/product_cat?post=62540"},{"taxonomy":"product_tag","embeddable":true,"href":"https:\/\/smfoods.pt\/loja\/wp-json\/wp\/v2\/product_tag?post=62540"}],"curies":[{"name":"wp","href":"https:\/\/api.w.org\/{rel}","templated":true}]}}