
{"id":62592,"date":"2023-01-27T09:35:32","date_gmt":"2023-01-27T09:35:32","guid":{"rendered":"https:\/\/smfoods.pt\/loja\/produto\/12093751-fondent-monorigine-s-domingo-sc-18kg\/"},"modified":"2024-03-04T14:24:08","modified_gmt":"2024-03-04T14:24:08","slug":"12093751-fondent-monorigine-s-domingo-sc-18kg","status":"publish","type":"product","link":"https:\/\/smfoods.pt\/loja\/produto\/12093751-fondent-monorigine-s-domingo-sc-18kg\/","title":{"rendered":"Fondent Monorigine S. Domingo sc 1.8kg"},"content":{"rendered":"<p><strong>Observa\u00e7\u00f5es: <\/strong>Produto completo para fazer gelado com chocolate monorigem de Santo Domingo, s\u00f3 juntar 3 Litros \u00e1gua quente.<\/p>\n","protected":false},"excerpt":{"rendered":"<p>Observa\u00e7\u00f5es: Produto completo para fazer gelado com chocolate monorigem de Santo Domingo, s\u00f3 juntar 3 Litros \u00e1gua quente.<\/p>\n","protected":false},"featured_media":67879,"template":"","meta":[],"product_cat":[2925],"product_tag":[],"class_list":{"0":"post-62592","1":"product","2":"type-product","3":"status-publish","4":"has-post-thumbnail","6":"product_cat-gelataria-bases-gelado","8":"first","9":"instock","10":"taxable","11":"shipping-taxable","12":"product-type-simple","13":"add-to-wishlist-before_image","14":"col-xs-6 col-sm-4","15":"col-md-3 col-lg-3","16":"un-4-cols"},"_links":{"self":[{"href":"https:\/\/smfoods.pt\/loja\/wp-json\/wp\/v2\/product\/62592","targetHints":{"allow":["GET"]}}],"collection":[{"href":"https:\/\/smfoods.pt\/loja\/wp-json\/wp\/v2\/product"}],"about":[{"href":"https:\/\/smfoods.pt\/loja\/wp-json\/wp\/v2\/types\/product"}],"version-history":[{"count":2,"href":"https:\/\/smfoods.pt\/loja\/wp-json\/wp\/v2\/product\/62592\/revisions"}],"predecessor-version":[{"id":72096,"href":"https:\/\/smfoods.pt\/loja\/wp-json\/wp\/v2\/product\/62592\/revisions\/72096"}],"wp:featuredmedia":[{"embeddable":true,"href":"https:\/\/smfoods.pt\/loja\/wp-json\/wp\/v2\/media\/67879"}],"wp:attachment":[{"href":"https:\/\/smfoods.pt\/loja\/wp-json\/wp\/v2\/media?parent=62592"}],"wp:term":[{"taxonomy":"product_cat","embeddable":true,"href":"https:\/\/smfoods.pt\/loja\/wp-json\/wp\/v2\/product_cat?post=62592"},{"taxonomy":"product_tag","embeddable":true,"href":"https:\/\/smfoods.pt\/loja\/wp-json\/wp\/v2\/product_tag?post=62592"}],"curies":[{"name":"wp","href":"https:\/\/api.w.org\/{rel}","templated":true}]}}