
{"id":62598,"date":"2023-01-27T09:35:38","date_gmt":"2023-01-27T09:35:38","guid":{"rendered":"https:\/\/smfoods.pt\/loja\/produto\/12093792-fondent-monorigne-ecuador-18kg\/"},"modified":"2024-03-04T14:26:10","modified_gmt":"2024-03-04T14:26:10","slug":"12093792-fondent-monorigne-ecuador-18kg","status":"publish","type":"product","link":"https:\/\/smfoods.pt\/loja\/produto\/12093792-fondent-monorigne-ecuador-18kg\/","title":{"rendered":"Fondent Monorigne Ecuador 1.8Kg"},"content":{"rendered":"<p><strong>Observa\u00e7\u00f5es: <\/strong>Produto completo para fazer gelado chocolate monorigem do Ecuador, s\u00f3 juntar 3 Litros \u00e1gua quente.<\/p>\n","protected":false},"excerpt":{"rendered":"<p>Observa\u00e7\u00f5es: Produto completo para fazer gelado chocolate monorigem do Ecuador, s\u00f3 juntar 3 Litros \u00e1gua quente.<\/p>\n","protected":false},"featured_media":68335,"template":"","meta":[],"product_cat":[2925],"product_tag":[],"class_list":{"0":"post-62598","1":"product","2":"type-product","3":"status-publish","4":"has-post-thumbnail","6":"product_cat-gelataria-bases-gelado","8":"first","9":"instock","10":"taxable","11":"shipping-taxable","12":"product-type-simple","13":"add-to-wishlist-before_image","14":"col-xs-6 col-sm-4","15":"col-md-3 col-lg-3","16":"un-4-cols"},"_links":{"self":[{"href":"https:\/\/smfoods.pt\/loja\/wp-json\/wp\/v2\/product\/62598","targetHints":{"allow":["GET"]}}],"collection":[{"href":"https:\/\/smfoods.pt\/loja\/wp-json\/wp\/v2\/product"}],"about":[{"href":"https:\/\/smfoods.pt\/loja\/wp-json\/wp\/v2\/types\/product"}],"version-history":[{"count":2,"href":"https:\/\/smfoods.pt\/loja\/wp-json\/wp\/v2\/product\/62598\/revisions"}],"predecessor-version":[{"id":72120,"href":"https:\/\/smfoods.pt\/loja\/wp-json\/wp\/v2\/product\/62598\/revisions\/72120"}],"wp:featuredmedia":[{"embeddable":true,"href":"https:\/\/smfoods.pt\/loja\/wp-json\/wp\/v2\/media\/68335"}],"wp:attachment":[{"href":"https:\/\/smfoods.pt\/loja\/wp-json\/wp\/v2\/media?parent=62598"}],"wp:term":[{"taxonomy":"product_cat","embeddable":true,"href":"https:\/\/smfoods.pt\/loja\/wp-json\/wp\/v2\/product_cat?post=62598"},{"taxonomy":"product_tag","embeddable":true,"href":"https:\/\/smfoods.pt\/loja\/wp-json\/wp\/v2\/product_tag?post=62598"}],"curies":[{"name":"wp","href":"https:\/\/api.w.org\/{rel}","templated":true}]}}