
{"id":62610,"date":"2023-01-27T09:35:49","date_gmt":"2023-01-27T09:35:49","guid":{"rendered":"https:\/\/smfoods.pt\/loja\/produto\/12094521-pasta-conc-lampone-balde-35kg\/"},"modified":"2024-03-04T14:53:31","modified_gmt":"2024-03-04T14:53:31","slug":"12094521-pasta-conc-lampone-balde-35kg","status":"publish","type":"product","link":"https:\/\/smfoods.pt\/loja\/produto\/12094521-pasta-conc-lampone-balde-35kg\/","title":{"rendered":"Pasta Conc. Lampone Balde 3,5Kg"},"content":{"rendered":"<p><strong>Observa\u00e7\u00f5es: <\/strong>Pasta gelado para fazer gelado de framboesa. Dosagem de aplica\u00e7\u00e3o: 100gr.<\/p>\n","protected":false},"excerpt":{"rendered":"<p>Observa\u00e7\u00f5es: Pasta gelado para fazer gelado de framboesa. Dosagem de aplica\u00e7\u00e3o: 100gr.<\/p>\n","protected":false},"featured_media":68074,"template":"","meta":[],"product_cat":[2985],"product_tag":[],"class_list":{"0":"post-62610","1":"product","2":"type-product","3":"status-publish","4":"has-post-thumbnail","6":"product_cat-gelataria-pastas-gelado","8":"first","9":"onbackorder","10":"taxable","11":"shipping-taxable","12":"product-type-simple","13":"add-to-wishlist-before_image","14":"col-xs-6 col-sm-4","15":"col-md-3 col-lg-3","16":"un-4-cols"},"_links":{"self":[{"href":"https:\/\/smfoods.pt\/loja\/wp-json\/wp\/v2\/product\/62610","targetHints":{"allow":["GET"]}}],"collection":[{"href":"https:\/\/smfoods.pt\/loja\/wp-json\/wp\/v2\/product"}],"about":[{"href":"https:\/\/smfoods.pt\/loja\/wp-json\/wp\/v2\/types\/product"}],"version-history":[{"count":2,"href":"https:\/\/smfoods.pt\/loja\/wp-json\/wp\/v2\/product\/62610\/revisions"}],"predecessor-version":[{"id":72195,"href":"https:\/\/smfoods.pt\/loja\/wp-json\/wp\/v2\/product\/62610\/revisions\/72195"}],"wp:featuredmedia":[{"embeddable":true,"href":"https:\/\/smfoods.pt\/loja\/wp-json\/wp\/v2\/media\/68074"}],"wp:attachment":[{"href":"https:\/\/smfoods.pt\/loja\/wp-json\/wp\/v2\/media?parent=62610"}],"wp:term":[{"taxonomy":"product_cat","embeddable":true,"href":"https:\/\/smfoods.pt\/loja\/wp-json\/wp\/v2\/product_cat?post=62610"},{"taxonomy":"product_tag","embeddable":true,"href":"https:\/\/smfoods.pt\/loja\/wp-json\/wp\/v2\/product_tag?post=62610"}],"curies":[{"name":"wp","href":"https:\/\/api.w.org\/{rel}","templated":true}]}}