
{"id":62614,"date":"2023-01-27T09:35:52","date_gmt":"2023-01-27T09:35:52","guid":{"rendered":"https:\/\/smfoods.pt\/loja\/produto\/12094561-conc-ananas-new-35-kg\/"},"modified":"2024-03-04T14:25:51","modified_gmt":"2024-03-04T14:25:51","slug":"12094561-conc-ananas-new-35-kg","status":"publish","type":"product","link":"https:\/\/smfoods.pt\/loja\/produto\/12094561-conc-ananas-new-35-kg\/","title":{"rendered":"Conc. Ananas New 3,5 kg"},"content":{"rendered":"<p><strong>Observa\u00e7\u00f5es: <\/strong>Pasta gelado para fazer gelado de Anan\u00e1s. Dosagem de aplica\u00e7\u00e3o: 100gr.<\/p>\n","protected":false},"excerpt":{"rendered":"<p>Observa\u00e7\u00f5es: Pasta gelado para fazer gelado de Anan\u00e1s. Dosagem de aplica\u00e7\u00e3o: 100gr.<\/p>\n","protected":false},"featured_media":68376,"template":"","meta":[],"product_cat":[2985],"product_tag":[],"class_list":{"0":"post-62614","1":"product","2":"type-product","3":"status-publish","4":"has-post-thumbnail","6":"product_cat-gelataria-pastas-gelado","8":"first","9":"onbackorder","10":"taxable","11":"shipping-taxable","12":"product-type-simple","13":"add-to-wishlist-before_image","14":"col-xs-6 col-sm-4","15":"col-md-3 col-lg-3","16":"un-4-cols"},"_links":{"self":[{"href":"https:\/\/smfoods.pt\/loja\/wp-json\/wp\/v2\/product\/62614","targetHints":{"allow":["GET"]}}],"collection":[{"href":"https:\/\/smfoods.pt\/loja\/wp-json\/wp\/v2\/product"}],"about":[{"href":"https:\/\/smfoods.pt\/loja\/wp-json\/wp\/v2\/types\/product"}],"version-history":[{"count":2,"href":"https:\/\/smfoods.pt\/loja\/wp-json\/wp\/v2\/product\/62614\/revisions"}],"predecessor-version":[{"id":72115,"href":"https:\/\/smfoods.pt\/loja\/wp-json\/wp\/v2\/product\/62614\/revisions\/72115"}],"wp:featuredmedia":[{"embeddable":true,"href":"https:\/\/smfoods.pt\/loja\/wp-json\/wp\/v2\/media\/68376"}],"wp:attachment":[{"href":"https:\/\/smfoods.pt\/loja\/wp-json\/wp\/v2\/media?parent=62614"}],"wp:term":[{"taxonomy":"product_cat","embeddable":true,"href":"https:\/\/smfoods.pt\/loja\/wp-json\/wp\/v2\/product_cat?post=62614"},{"taxonomy":"product_tag","embeddable":true,"href":"https:\/\/smfoods.pt\/loja\/wp-json\/wp\/v2\/product_tag?post=62614"}],"curies":[{"name":"wp","href":"https:\/\/api.w.org\/{rel}","templated":true}]}}