
{"id":62699,"date":"2023-01-27T09:37:14","date_gmt":"2023-01-27T09:37:14","guid":{"rendered":"https:\/\/smfoods.pt\/loja\/produto\/121441-coxas-da-galinha-cx-100-unid-x-70-gr-sm\/"},"modified":"2024-03-04T14:53:41","modified_gmt":"2024-03-04T14:53:41","slug":"121441-coxas-da-galinha-cx-100-unid-x-70-gr-sm","status":"publish","type":"product","link":"https:\/\/smfoods.pt\/loja\/produto\/121441-coxas-da-galinha-cx-100-unid-x-70-gr-sm\/","title":{"rendered":"Coxas da Galinha Cx 100 unid x 70 gr SM"},"content":{"rendered":"<p><strong>Observa\u00e7\u00f5es: <\/strong>Peso unit\u00e1rio: 70 gr.<\/p>\n","protected":false},"excerpt":{"rendered":"<p>Observa\u00e7\u00f5es: Peso unit\u00e1rio: 70 gr.<\/p>\n","protected":false},"featured_media":68097,"template":"","meta":[],"product_cat":[2996],"product_tag":[],"class_list":{"0":"post-62699","1":"product","2":"type-product","3":"status-publish","4":"has-post-thumbnail","6":"product_cat-frozen-salgadinhos","8":"first","9":"instock","10":"taxable","11":"shipping-taxable","12":"product-type-simple","13":"add-to-wishlist-before_image","14":"col-xs-6 col-sm-4","15":"col-md-3 col-lg-3","16":"un-4-cols"},"_links":{"self":[{"href":"https:\/\/smfoods.pt\/loja\/wp-json\/wp\/v2\/product\/62699","targetHints":{"allow":["GET"]}}],"collection":[{"href":"https:\/\/smfoods.pt\/loja\/wp-json\/wp\/v2\/product"}],"about":[{"href":"https:\/\/smfoods.pt\/loja\/wp-json\/wp\/v2\/types\/product"}],"version-history":[{"count":1,"href":"https:\/\/smfoods.pt\/loja\/wp-json\/wp\/v2\/product\/62699\/revisions"}],"predecessor-version":[{"id":70881,"href":"https:\/\/smfoods.pt\/loja\/wp-json\/wp\/v2\/product\/62699\/revisions\/70881"}],"wp:featuredmedia":[{"embeddable":true,"href":"https:\/\/smfoods.pt\/loja\/wp-json\/wp\/v2\/media\/68097"}],"wp:attachment":[{"href":"https:\/\/smfoods.pt\/loja\/wp-json\/wp\/v2\/media?parent=62699"}],"wp:term":[{"taxonomy":"product_cat","embeddable":true,"href":"https:\/\/smfoods.pt\/loja\/wp-json\/wp\/v2\/product_cat?post=62699"},{"taxonomy":"product_tag","embeddable":true,"href":"https:\/\/smfoods.pt\/loja\/wp-json\/wp\/v2\/product_tag?post=62699"}],"curies":[{"name":"wp","href":"https:\/\/api.w.org\/{rel}","templated":true}]}}