
{"id":62832,"date":"2023-01-27T09:39:23","date_gmt":"2023-01-27T09:39:23","guid":{"rendered":"https:\/\/smfoods.pt\/loja\/produto\/28001-pure-de-batata-dihor-5x1-kg\/"},"modified":"2024-03-04T14:35:50","modified_gmt":"2024-03-04T14:35:50","slug":"28001-pure-de-batata-dihor-5x1-kg","status":"publish","type":"product","link":"https:\/\/smfoods.pt\/loja\/produto\/28001-pure-de-batata-dihor-5x1-kg\/","title":{"rendered":"Pure de Batata Dihor 5&#215;1 Kg"},"content":{"rendered":"<p><strong>Observa\u00e7\u00f5es: <\/strong>Alto rendimento e textura e sabor tradicional.<\/p>\n<p>Instru\u00e7\u00f5es:<br \/>\n&#8211; Ferver 5L de \u00e1gua;<br \/>\n&#8211; Misturar o conte\u00fado do saco (1 kg de produto) rapidamente para a \u00e1gua quente;<br \/>\n&#8211; Deixar repousar aproximadamente 3 minutos;<br \/>\n&#8211; Pronto a servir.<br \/>\nObs.: Poder\u00e1 ser adicionada gordura (ex: azeite) ao produto final, n\u00e3o \u00e0 \u00e1gua.<\/p>\n","protected":false},"excerpt":{"rendered":"<p>Observa\u00e7\u00f5es: Alto rendimento e textura e sabor tradicional. Instru\u00e7\u00f5es: &#8211; Ferver 5L de \u00e1gua; &#8211; Misturar o conte\u00fado do saco (1 kg de produto) rapidamente para a \u00e1gua quente; &#8211; Deixar repousar aproximadamente 3 minutos; &#8211; Pronto a servir. Obs.: Poder\u00e1 ser adicionada gordura (ex: azeite) ao produto final, n\u00e3o \u00e0 \u00e1gua.<\/p>\n","protected":false},"featured_media":68417,"template":"","meta":[],"product_cat":[2924,2922],"product_tag":[],"class_list":{"0":"post-62832","1":"product","2":"type-product","3":"status-publish","4":"has-post-thumbnail","6":"product_cat-restauracao-arroz-e-leguminosas","7":"product_cat-restauracao-novidades","9":"first","10":"instock","11":"taxable","12":"shipping-taxable","13":"product-type-simple","14":"add-to-wishlist-before_image","15":"col-xs-6 col-sm-4","16":"col-md-3 col-lg-3","17":"un-4-cols"},"_links":{"self":[{"href":"https:\/\/smfoods.pt\/loja\/wp-json\/wp\/v2\/product\/62832","targetHints":{"allow":["GET"]}}],"collection":[{"href":"https:\/\/smfoods.pt\/loja\/wp-json\/wp\/v2\/product"}],"about":[{"href":"https:\/\/smfoods.pt\/loja\/wp-json\/wp\/v2\/types\/product"}],"version-history":[{"count":1,"href":"https:\/\/smfoods.pt\/loja\/wp-json\/wp\/v2\/product\/62832\/revisions"}],"predecessor-version":[{"id":72162,"href":"https:\/\/smfoods.pt\/loja\/wp-json\/wp\/v2\/product\/62832\/revisions\/72162"}],"wp:featuredmedia":[{"embeddable":true,"href":"https:\/\/smfoods.pt\/loja\/wp-json\/wp\/v2\/media\/68417"}],"wp:attachment":[{"href":"https:\/\/smfoods.pt\/loja\/wp-json\/wp\/v2\/media?parent=62832"}],"wp:term":[{"taxonomy":"product_cat","embeddable":true,"href":"https:\/\/smfoods.pt\/loja\/wp-json\/wp\/v2\/product_cat?post=62832"},{"taxonomy":"product_tag","embeddable":true,"href":"https:\/\/smfoods.pt\/loja\/wp-json\/wp\/v2\/product_tag?post=62832"}],"curies":[{"name":"wp","href":"https:\/\/api.w.org\/{rel}","templated":true}]}}