
{"id":63034,"date":"2023-01-27T09:42:39","date_gmt":"2023-01-27T09:42:39","guid":{"rendered":"https:\/\/smfoods.pt\/loja\/produto\/3160-forma-papel-m-200-b-alta-pao-lo-ovar\/"},"modified":"2024-03-04T14:28:16","modified_gmt":"2024-03-04T14:28:16","slug":"3160-forma-papel-m-200-b-alta-pao-lo-ovar","status":"publish","type":"product","link":"https:\/\/smfoods.pt\/loja\/produto\/3160-forma-papel-m-200-b-alta-pao-lo-ovar\/","title":{"rendered":"Forma Papel M 200 B\/ Alta ( P\u00e3o L\u00f3 Ovar )"},"content":{"rendered":"<p><strong>Observa\u00e7\u00f5es: <\/strong>Diametro 20 cm<\/p>\n","protected":false},"excerpt":{"rendered":"<p>Observa\u00e7\u00f5es: Diametro 20 cm<\/p>\n","protected":false},"featured_media":70877,"template":"","meta":[],"product_cat":[3065],"product_tag":[],"class_list":{"0":"post-63034","1":"product","2":"type-product","3":"status-publish","4":"has-post-thumbnail","6":"product_cat-pastelaria-descartaveis-formas","8":"first","9":"instock","10":"taxable","11":"shipping-taxable","12":"product-type-simple","13":"add-to-wishlist-before_image","14":"col-xs-6 col-sm-4","15":"col-md-3 col-lg-3","16":"un-4-cols"},"_links":{"self":[{"href":"https:\/\/smfoods.pt\/loja\/wp-json\/wp\/v2\/product\/63034","targetHints":{"allow":["GET"]}}],"collection":[{"href":"https:\/\/smfoods.pt\/loja\/wp-json\/wp\/v2\/product"}],"about":[{"href":"https:\/\/smfoods.pt\/loja\/wp-json\/wp\/v2\/types\/product"}],"version-history":[{"count":2,"href":"https:\/\/smfoods.pt\/loja\/wp-json\/wp\/v2\/product\/63034\/revisions"}],"predecessor-version":[{"id":70878,"href":"https:\/\/smfoods.pt\/loja\/wp-json\/wp\/v2\/product\/63034\/revisions\/70878"}],"wp:featuredmedia":[{"embeddable":true,"href":"https:\/\/smfoods.pt\/loja\/wp-json\/wp\/v2\/media\/70877"}],"wp:attachment":[{"href":"https:\/\/smfoods.pt\/loja\/wp-json\/wp\/v2\/media?parent=63034"}],"wp:term":[{"taxonomy":"product_cat","embeddable":true,"href":"https:\/\/smfoods.pt\/loja\/wp-json\/wp\/v2\/product_cat?post=63034"},{"taxonomy":"product_tag","embeddable":true,"href":"https:\/\/smfoods.pt\/loja\/wp-json\/wp\/v2\/product_tag?post=63034"}],"curies":[{"name":"wp","href":"https:\/\/api.w.org\/{rel}","templated":true}]}}