
{"id":63260,"date":"2023-01-27T09:46:17","date_gmt":"2023-01-27T09:46:17","guid":{"rendered":"https:\/\/smfoods.pt\/loja\/produto\/1822-tentaculos-de-polvo-cozidos-18-unid-15kg\/"},"modified":"2024-03-04T14:23:54","modified_gmt":"2024-03-04T14:23:54","slug":"1822-tentaculos-de-polvo-cozidos-18-unid-15kg","status":"publish","type":"product","link":"https:\/\/smfoods.pt\/loja\/produto\/1822-tentaculos-de-polvo-cozidos-18-unid-15kg\/","title":{"rendered":"Tentaculos de Polvo Cozidos ( 18 unid &#8211; 1,5Kg)"},"content":{"rendered":"<p><strong>Observa\u00e7\u00f5es: <\/strong>Polvo Cozido de Marrocos. Calibre de cada tent\u00e1culo 70-120gr. Caixa master com 4 cuvetes.<\/p>\n","protected":false},"excerpt":{"rendered":"<p>Observa\u00e7\u00f5es: Polvo Cozido de Marrocos. Calibre de cada tent\u00e1culo 70-120gr. Caixa master com 4 cuvetes.<\/p>\n","protected":false},"featured_media":67967,"template":"","meta":[],"product_cat":[3095],"product_tag":[],"class_list":{"0":"post-63260","1":"product","2":"type-product","3":"status-publish","4":"has-post-thumbnail","6":"product_cat-restauracao-peixes-polvo","8":"first","9":"instock","10":"taxable","11":"shipping-taxable","12":"product-type-simple","13":"add-to-wishlist-before_image","14":"col-xs-6 col-sm-4","15":"col-md-3 col-lg-3","16":"un-4-cols"},"_links":{"self":[{"href":"https:\/\/smfoods.pt\/loja\/wp-json\/wp\/v2\/product\/63260","targetHints":{"allow":["GET"]}}],"collection":[{"href":"https:\/\/smfoods.pt\/loja\/wp-json\/wp\/v2\/product"}],"about":[{"href":"https:\/\/smfoods.pt\/loja\/wp-json\/wp\/v2\/types\/product"}],"version-history":[{"count":2,"href":"https:\/\/smfoods.pt\/loja\/wp-json\/wp\/v2\/product\/63260\/revisions"}],"predecessor-version":[{"id":70858,"href":"https:\/\/smfoods.pt\/loja\/wp-json\/wp\/v2\/product\/63260\/revisions\/70858"}],"wp:featuredmedia":[{"embeddable":true,"href":"https:\/\/smfoods.pt\/loja\/wp-json\/wp\/v2\/media\/67967"}],"wp:attachment":[{"href":"https:\/\/smfoods.pt\/loja\/wp-json\/wp\/v2\/media?parent=63260"}],"wp:term":[{"taxonomy":"product_cat","embeddable":true,"href":"https:\/\/smfoods.pt\/loja\/wp-json\/wp\/v2\/product_cat?post=63260"},{"taxonomy":"product_tag","embeddable":true,"href":"https:\/\/smfoods.pt\/loja\/wp-json\/wp\/v2\/product_tag?post=63260"}],"curies":[{"name":"wp","href":"https:\/\/api.w.org\/{rel}","templated":true}]}}