
{"id":63270,"date":"2023-01-27T09:46:26","date_gmt":"2023-01-27T09:46:26","guid":{"rendered":"https:\/\/smfoods.pt\/loja\/produto\/175000-oleo-alto-rendimento-prochefe-friplus-10-l\/"},"modified":"2024-03-04T14:32:48","modified_gmt":"2024-03-04T14:32:48","slug":"175000-oleo-alto-rendimento-prochefe-friplus-10-l","status":"publish","type":"product","link":"https:\/\/smfoods.pt\/loja\/produto\/175000-oleo-alto-rendimento-prochefe-friplus-10-l\/","title":{"rendered":"Oleo Alto Rendimento Prochefe FRIPLUS 10 L"},"content":{"rendered":"<p><strong>Observa\u00e7\u00f5es: <\/strong>Palete com 63 garraf\u00f5es.<\/p>\n","protected":false},"excerpt":{"rendered":"<p>Observa\u00e7\u00f5es: Palete com 63 garraf\u00f5es.<\/p>\n","protected":false},"featured_media":72149,"template":"","meta":[],"product_cat":[2979],"product_tag":[],"class_list":{"0":"post-63270","1":"product","2":"type-product","3":"status-publish","4":"has-post-thumbnail","6":"product_cat-restauracao-oleos-e-azeites","8":"first","9":"instock","10":"taxable","11":"shipping-taxable","12":"product-type-simple","13":"add-to-wishlist-before_image","14":"col-xs-6 col-sm-4","15":"col-md-3 col-lg-3","16":"un-4-cols"},"_links":{"self":[{"href":"https:\/\/smfoods.pt\/loja\/wp-json\/wp\/v2\/product\/63270","targetHints":{"allow":["GET"]}}],"collection":[{"href":"https:\/\/smfoods.pt\/loja\/wp-json\/wp\/v2\/product"}],"about":[{"href":"https:\/\/smfoods.pt\/loja\/wp-json\/wp\/v2\/types\/product"}],"version-history":[{"count":1,"href":"https:\/\/smfoods.pt\/loja\/wp-json\/wp\/v2\/product\/63270\/revisions"}],"predecessor-version":[{"id":70914,"href":"https:\/\/smfoods.pt\/loja\/wp-json\/wp\/v2\/product\/63270\/revisions\/70914"}],"wp:featuredmedia":[{"embeddable":true,"href":"https:\/\/smfoods.pt\/loja\/wp-json\/wp\/v2\/media\/72149"}],"wp:attachment":[{"href":"https:\/\/smfoods.pt\/loja\/wp-json\/wp\/v2\/media?parent=63270"}],"wp:term":[{"taxonomy":"product_cat","embeddable":true,"href":"https:\/\/smfoods.pt\/loja\/wp-json\/wp\/v2\/product_cat?post=63270"},{"taxonomy":"product_tag","embeddable":true,"href":"https:\/\/smfoods.pt\/loja\/wp-json\/wp\/v2\/product_tag?post=63270"}],"curies":[{"name":"wp","href":"https:\/\/api.w.org\/{rel}","templated":true}]}}