
{"id":63398,"date":"2023-01-27T09:48:30","date_gmt":"2023-01-27T09:48:30","guid":{"rendered":"https:\/\/smfoods.pt\/loja\/produto\/28559-hamburger-mista-100gr-cx-48-unid-48kg-ica-foods\/"},"modified":"2023-03-27T15:03:26","modified_gmt":"2023-03-27T15:03:26","slug":"28559-hamburger-mista-100gr-cx-48-unid-48kg-ica-foods","status":"publish","type":"product","link":"https:\/\/smfoods.pt\/loja\/produto\/28559-hamburger-mista-100gr-cx-48-unid-48kg-ica-foods\/","title":{"rendered":"Hamburger Mista 100gr Cx 48 Unid (4,8Kg) Ica Foods"},"content":{"rendered":"<p><strong>Observa\u00e7\u00f5es: <\/strong>31% Carne de Vaca e 46% Porco.<br \/>\nPeso Unit\u00e1rio: 100 gr.<\/p>\n","protected":false},"excerpt":{"rendered":"<p>Observa\u00e7\u00f5es: 31% Carne de Vaca e 46% Porco. Peso Unit\u00e1rio: 100 gr.<\/p>\n","protected":false},"featured_media":68485,"template":"","meta":[],"product_cat":[2934],"product_tag":[],"class_list":{"0":"post-63398","1":"product","2":"type-product","3":"status-publish","4":"has-post-thumbnail","6":"product_cat-restauracao-carnes","8":"first","9":"instock","10":"taxable","11":"shipping-taxable","12":"product-type-simple","13":"add-to-wishlist-before_image","14":"col-xs-6 col-sm-4","15":"col-md-3 col-lg-3","16":"un-4-cols"},"_links":{"self":[{"href":"https:\/\/smfoods.pt\/loja\/wp-json\/wp\/v2\/product\/63398","targetHints":{"allow":["GET"]}}],"collection":[{"href":"https:\/\/smfoods.pt\/loja\/wp-json\/wp\/v2\/product"}],"about":[{"href":"https:\/\/smfoods.pt\/loja\/wp-json\/wp\/v2\/types\/product"}],"version-history":[{"count":2,"href":"https:\/\/smfoods.pt\/loja\/wp-json\/wp\/v2\/product\/63398\/revisions"}],"predecessor-version":[{"id":70908,"href":"https:\/\/smfoods.pt\/loja\/wp-json\/wp\/v2\/product\/63398\/revisions\/70908"}],"wp:featuredmedia":[{"embeddable":true,"href":"https:\/\/smfoods.pt\/loja\/wp-json\/wp\/v2\/media\/68485"}],"wp:attachment":[{"href":"https:\/\/smfoods.pt\/loja\/wp-json\/wp\/v2\/media?parent=63398"}],"wp:term":[{"taxonomy":"product_cat","embeddable":true,"href":"https:\/\/smfoods.pt\/loja\/wp-json\/wp\/v2\/product_cat?post=63398"},{"taxonomy":"product_tag","embeddable":true,"href":"https:\/\/smfoods.pt\/loja\/wp-json\/wp\/v2\/product_tag?post=63398"}],"curies":[{"name":"wp","href":"https:\/\/api.w.org\/{rel}","templated":true}]}}