
{"id":63459,"date":"2023-01-27T09:49:31","date_gmt":"2023-01-27T09:49:31","guid":{"rendered":"https:\/\/smfoods.pt\/loja\/produto\/44000-desmoldante-demax-garrafao-10-lt\/"},"modified":"2024-03-04T14:46:39","modified_gmt":"2024-03-04T14:46:39","slug":"44000-desmoldante-demax-garrafao-10-lt","status":"publish","type":"product","link":"https:\/\/smfoods.pt\/loja\/produto\/44000-desmoldante-demax-garrafao-10-lt\/","title":{"rendered":"Desmoldante Demax Garraf\u00e3o 10 Lt"},"content":{"rendered":"<p><strong>Observa\u00e7\u00f5es: <\/strong><\/p>\n","protected":false},"excerpt":{"rendered":"<p>Observa\u00e7\u00f5es:<\/p>\n","protected":false},"featured_media":68704,"template":"","meta":[],"product_cat":[2968],"product_tag":[],"class_list":{"0":"post-63459","1":"product","2":"type-product","3":"status-publish","4":"has-post-thumbnail","6":"product_cat-pastelaria-margarinas-e-gorduras","8":"first","9":"instock","10":"taxable","11":"shipping-taxable","12":"product-type-simple","13":"add-to-wishlist-before_image","14":"col-xs-6 col-sm-4","15":"col-md-3 col-lg-3","16":"un-4-cols"},"_links":{"self":[{"href":"https:\/\/smfoods.pt\/loja\/wp-json\/wp\/v2\/product\/63459","targetHints":{"allow":["GET"]}}],"collection":[{"href":"https:\/\/smfoods.pt\/loja\/wp-json\/wp\/v2\/product"}],"about":[{"href":"https:\/\/smfoods.pt\/loja\/wp-json\/wp\/v2\/types\/product"}],"version-history":[{"count":1,"href":"https:\/\/smfoods.pt\/loja\/wp-json\/wp\/v2\/product\/63459\/revisions"}],"predecessor-version":[{"id":70942,"href":"https:\/\/smfoods.pt\/loja\/wp-json\/wp\/v2\/product\/63459\/revisions\/70942"}],"wp:featuredmedia":[{"embeddable":true,"href":"https:\/\/smfoods.pt\/loja\/wp-json\/wp\/v2\/media\/68704"}],"wp:attachment":[{"href":"https:\/\/smfoods.pt\/loja\/wp-json\/wp\/v2\/media?parent=63459"}],"wp:term":[{"taxonomy":"product_cat","embeddable":true,"href":"https:\/\/smfoods.pt\/loja\/wp-json\/wp\/v2\/product_cat?post=63459"},{"taxonomy":"product_tag","embeddable":true,"href":"https:\/\/smfoods.pt\/loja\/wp-json\/wp\/v2\/product_tag?post=63459"}],"curies":[{"name":"wp","href":"https:\/\/api.w.org\/{rel}","templated":true}]}}