
{"id":63660,"date":"2023-01-27T09:52:44","date_gmt":"2023-01-27T09:52:44","guid":{"rendered":"https:\/\/smfoods.pt\/loja\/produto\/47810-tarte-crumble-maca-e-caramelo-1800gr-12-fatias\/"},"modified":"2024-03-04T14:43:33","modified_gmt":"2024-03-04T14:43:33","slug":"47810-tarte-crumble-maca-e-caramelo-1800gr-12-fatias","status":"publish","type":"product","link":"https:\/\/smfoods.pt\/loja\/produto\/47810-tarte-crumble-maca-e-caramelo-1800gr-12-fatias\/","title":{"rendered":"Tarte Crumble Ma\u00e7a e Caramelo 1800gr (12 Fatias)"},"content":{"rendered":"<p><strong>Observa\u00e7\u00f5es: <\/strong><\/p>\n","protected":false},"excerpt":{"rendered":"<p>Observa\u00e7\u00f5es:<\/p>\n","protected":false},"featured_media":69096,"template":"","meta":[],"product_cat":[3042],"product_tag":[],"class_list":{"0":"post-63660","1":"product","2":"type-product","3":"status-publish","4":"has-post-thumbnail","6":"product_cat-frozen-bolos-bolos-fatiados","8":"first","9":"instock","10":"sale","11":"taxable","12":"shipping-taxable","13":"product-type-simple","14":"add-to-wishlist-before_image","15":"col-xs-6 col-sm-4","16":"col-md-3 col-lg-3","17":"un-4-cols"},"_links":{"self":[{"href":"https:\/\/smfoods.pt\/loja\/wp-json\/wp\/v2\/product\/63660","targetHints":{"allow":["GET"]}}],"collection":[{"href":"https:\/\/smfoods.pt\/loja\/wp-json\/wp\/v2\/product"}],"about":[{"href":"https:\/\/smfoods.pt\/loja\/wp-json\/wp\/v2\/types\/product"}],"version-history":[{"count":2,"href":"https:\/\/smfoods.pt\/loja\/wp-json\/wp\/v2\/product\/63660\/revisions"}],"predecessor-version":[{"id":70957,"href":"https:\/\/smfoods.pt\/loja\/wp-json\/wp\/v2\/product\/63660\/revisions\/70957"}],"wp:featuredmedia":[{"embeddable":true,"href":"https:\/\/smfoods.pt\/loja\/wp-json\/wp\/v2\/media\/69096"}],"wp:attachment":[{"href":"https:\/\/smfoods.pt\/loja\/wp-json\/wp\/v2\/media?parent=63660"}],"wp:term":[{"taxonomy":"product_cat","embeddable":true,"href":"https:\/\/smfoods.pt\/loja\/wp-json\/wp\/v2\/product_cat?post=63660"},{"taxonomy":"product_tag","embeddable":true,"href":"https:\/\/smfoods.pt\/loja\/wp-json\/wp\/v2\/product_tag?post=63660"}],"curies":[{"name":"wp","href":"https:\/\/api.w.org\/{rel}","templated":true}]}}