
{"id":63848,"date":"2023-01-27T09:55:46","date_gmt":"2023-01-27T09:55:46","guid":{"rendered":"https:\/\/smfoods.pt\/loja\/produto\/52458-sicao-crema-horno-balde-10-kg\/"},"modified":"2023-03-27T15:14:47","modified_gmt":"2023-03-27T15:14:47","slug":"52458-sicao-crema-horno-balde-10-kg","status":"publish","type":"product","link":"https:\/\/smfoods.pt\/loja\/produto\/52458-sicao-crema-horno-balde-10-kg\/","title":{"rendered":"SICAO Crema Horno Balde 10 Kg"},"content":{"rendered":"<p><strong>Observa\u00e7\u00f5es: <\/strong>Chocolate cremoso com sabor intenso a avel\u00e3 est\u00e1vel ao forno.<br \/>\nPalete 65 baldes.<\/p>\n","protected":false},"excerpt":{"rendered":"<p>Observa\u00e7\u00f5es: Chocolate cremoso com sabor intenso a avel\u00e3 est\u00e1vel ao forno. Palete 65 baldes.<\/p>\n","protected":false},"featured_media":68946,"template":"","meta":[],"product_cat":[3101],"product_tag":[],"class_list":{"0":"post-63848","1":"product","2":"type-product","3":"status-publish","4":"has-post-thumbnail","6":"product_cat-pastelaria-chocolates-e-sucedaneos-recheios","8":"first","9":"instock","10":"taxable","11":"shipping-taxable","12":"product-type-simple","13":"add-to-wishlist-before_image","14":"col-xs-6 col-sm-4","15":"col-md-3 col-lg-3","16":"un-4-cols"},"_links":{"self":[{"href":"https:\/\/smfoods.pt\/loja\/wp-json\/wp\/v2\/product\/63848","targetHints":{"allow":["GET"]}}],"collection":[{"href":"https:\/\/smfoods.pt\/loja\/wp-json\/wp\/v2\/product"}],"about":[{"href":"https:\/\/smfoods.pt\/loja\/wp-json\/wp\/v2\/types\/product"}],"version-history":[{"count":1,"href":"https:\/\/smfoods.pt\/loja\/wp-json\/wp\/v2\/product\/63848\/revisions"}],"predecessor-version":[{"id":70959,"href":"https:\/\/smfoods.pt\/loja\/wp-json\/wp\/v2\/product\/63848\/revisions\/70959"}],"wp:featuredmedia":[{"embeddable":true,"href":"https:\/\/smfoods.pt\/loja\/wp-json\/wp\/v2\/media\/68946"}],"wp:attachment":[{"href":"https:\/\/smfoods.pt\/loja\/wp-json\/wp\/v2\/media?parent=63848"}],"wp:term":[{"taxonomy":"product_cat","embeddable":true,"href":"https:\/\/smfoods.pt\/loja\/wp-json\/wp\/v2\/product_cat?post=63848"},{"taxonomy":"product_tag","embeddable":true,"href":"https:\/\/smfoods.pt\/loja\/wp-json\/wp\/v2\/product_tag?post=63848"}],"curies":[{"name":"wp","href":"https:\/\/api.w.org\/{rel}","templated":true}]}}