
{"id":63922,"date":"2023-01-27T09:56:59","date_gmt":"2023-01-27T09:56:59","guid":{"rendered":"https:\/\/smfoods.pt\/loja\/produto\/c03-croquetes-de-carne-big-caixas-50-unidades\/"},"modified":"2024-03-04T14:53:33","modified_gmt":"2024-03-04T14:53:33","slug":"c03-croquetes-de-carne-big-caixas-50-unidades","status":"publish","type":"product","link":"https:\/\/smfoods.pt\/loja\/produto\/c03-croquetes-de-carne-big-caixas-50-unidades\/","title":{"rendered":"Croquetes De Carne Big  ( Caixas 50 Unidades )"},"content":{"rendered":"<p><strong>Observa\u00e7\u00f5es: <\/strong>Peso unit\u00e1rio: 55gr.<\/p>\n","protected":false},"excerpt":{"rendered":"<p>Observa\u00e7\u00f5es: Peso unit\u00e1rio: 55gr.<\/p>\n","protected":false},"featured_media":69017,"template":"","meta":[],"product_cat":[2996],"product_tag":[],"class_list":{"0":"post-63922","1":"product","2":"type-product","3":"status-publish","4":"has-post-thumbnail","6":"product_cat-frozen-salgadinhos","8":"first","9":"instock","10":"taxable","11":"shipping-taxable","12":"product-type-simple","13":"add-to-wishlist-before_image","14":"col-xs-6 col-sm-4","15":"col-md-3 col-lg-3","16":"un-4-cols"},"_links":{"self":[{"href":"https:\/\/smfoods.pt\/loja\/wp-json\/wp\/v2\/product\/63922","targetHints":{"allow":["GET"]}}],"collection":[{"href":"https:\/\/smfoods.pt\/loja\/wp-json\/wp\/v2\/product"}],"about":[{"href":"https:\/\/smfoods.pt\/loja\/wp-json\/wp\/v2\/types\/product"}],"version-history":[{"count":2,"href":"https:\/\/smfoods.pt\/loja\/wp-json\/wp\/v2\/product\/63922\/revisions"}],"predecessor-version":[{"id":70951,"href":"https:\/\/smfoods.pt\/loja\/wp-json\/wp\/v2\/product\/63922\/revisions\/70951"}],"wp:featuredmedia":[{"embeddable":true,"href":"https:\/\/smfoods.pt\/loja\/wp-json\/wp\/v2\/media\/69017"}],"wp:attachment":[{"href":"https:\/\/smfoods.pt\/loja\/wp-json\/wp\/v2\/media?parent=63922"}],"wp:term":[{"taxonomy":"product_cat","embeddable":true,"href":"https:\/\/smfoods.pt\/loja\/wp-json\/wp\/v2\/product_cat?post=63922"},{"taxonomy":"product_tag","embeddable":true,"href":"https:\/\/smfoods.pt\/loja\/wp-json\/wp\/v2\/product_tag?post=63922"}],"curies":[{"name":"wp","href":"https:\/\/api.w.org\/{rel}","templated":true}]}}