
{"id":64260,"date":"2023-01-27T10:02:37","date_gmt":"2023-01-27T10:02:37","guid":{"rendered":"https:\/\/smfoods.pt\/loja\/produto\/84033-pao-azeitonas-familiar-cx-24-unid\/"},"modified":"2024-03-04T14:49:41","modified_gmt":"2024-03-04T14:49:41","slug":"84033-pao-azeitonas-familiar-cx-24-unid","status":"publish","type":"product","link":"https:\/\/smfoods.pt\/loja\/produto\/84033-pao-azeitonas-familiar-cx-24-unid\/","title":{"rendered":"P\u00e3o Azeitonas Familiar CX.  24 Unid."},"content":{"rendered":"<p><strong>Observa\u00e7\u00f5es: <\/strong>24x350g<\/p>\n","protected":false},"excerpt":{"rendered":"<p>Observa\u00e7\u00f5es: 24x350g<\/p>\n","protected":false},"featured_media":69021,"template":"","meta":[],"product_cat":[3084],"product_tag":[],"class_list":{"0":"post-64260","1":"product","2":"type-product","3":"status-publish","4":"has-post-thumbnail","6":"product_cat-frozen-padaria-pao-especial","8":"first","9":"onbackorder","10":"taxable","11":"shipping-taxable","12":"product-type-simple","13":"add-to-wishlist-before_image","14":"col-xs-6 col-sm-4","15":"col-md-3 col-lg-3","16":"un-4-cols"},"_links":{"self":[{"href":"https:\/\/smfoods.pt\/loja\/wp-json\/wp\/v2\/product\/64260","targetHints":{"allow":["GET"]}}],"collection":[{"href":"https:\/\/smfoods.pt\/loja\/wp-json\/wp\/v2\/product"}],"about":[{"href":"https:\/\/smfoods.pt\/loja\/wp-json\/wp\/v2\/types\/product"}],"version-history":[{"count":2,"href":"https:\/\/smfoods.pt\/loja\/wp-json\/wp\/v2\/product\/64260\/revisions"}],"predecessor-version":[{"id":72182,"href":"https:\/\/smfoods.pt\/loja\/wp-json\/wp\/v2\/product\/64260\/revisions\/72182"}],"wp:featuredmedia":[{"embeddable":true,"href":"https:\/\/smfoods.pt\/loja\/wp-json\/wp\/v2\/media\/69021"}],"wp:attachment":[{"href":"https:\/\/smfoods.pt\/loja\/wp-json\/wp\/v2\/media?parent=64260"}],"wp:term":[{"taxonomy":"product_cat","embeddable":true,"href":"https:\/\/smfoods.pt\/loja\/wp-json\/wp\/v2\/product_cat?post=64260"},{"taxonomy":"product_tag","embeddable":true,"href":"https:\/\/smfoods.pt\/loja\/wp-json\/wp\/v2\/product_tag?post=64260"}],"curies":[{"name":"wp","href":"https:\/\/api.w.org\/{rel}","templated":true}]}}