
{"id":64262,"date":"2023-01-27T10:02:39","date_gmt":"2023-01-27T10:02:39","guid":{"rendered":"https:\/\/smfoods.pt\/loja\/produto\/84034-pao-figos-e-nozes-familiar-cx-24-unid\/"},"modified":"2024-03-04T14:45:40","modified_gmt":"2024-03-04T14:45:40","slug":"84034-pao-figos-e-nozes-familiar-cx-24-unid","status":"publish","type":"product","link":"https:\/\/smfoods.pt\/loja\/produto\/84034-pao-figos-e-nozes-familiar-cx-24-unid\/","title":{"rendered":"P\u00e3o Figos E Nozes Familiar  Cx. 24 Unid"},"content":{"rendered":"<p><strong>Observa\u00e7\u00f5es: <\/strong><\/p>\n","protected":false},"excerpt":{"rendered":"<p>Observa\u00e7\u00f5es:<\/p>\n","protected":false},"featured_media":69283,"template":"","meta":[],"product_cat":[3084],"product_tag":[],"class_list":{"0":"post-64262","1":"product","2":"type-product","3":"status-publish","4":"has-post-thumbnail","6":"product_cat-frozen-padaria-pao-especial","8":"first","9":"onbackorder","10":"taxable","11":"shipping-taxable","12":"product-type-simple","13":"add-to-wishlist-before_image","14":"col-xs-6 col-sm-4","15":"col-md-3 col-lg-3","16":"un-4-cols"},"_links":{"self":[{"href":"https:\/\/smfoods.pt\/loja\/wp-json\/wp\/v2\/product\/64262","targetHints":{"allow":["GET"]}}],"collection":[{"href":"https:\/\/smfoods.pt\/loja\/wp-json\/wp\/v2\/product"}],"about":[{"href":"https:\/\/smfoods.pt\/loja\/wp-json\/wp\/v2\/types\/product"}],"version-history":[{"count":1,"href":"https:\/\/smfoods.pt\/loja\/wp-json\/wp\/v2\/product\/64262\/revisions"}],"predecessor-version":[{"id":71586,"href":"https:\/\/smfoods.pt\/loja\/wp-json\/wp\/v2\/product\/64262\/revisions\/71586"}],"wp:featuredmedia":[{"embeddable":true,"href":"https:\/\/smfoods.pt\/loja\/wp-json\/wp\/v2\/media\/69283"}],"wp:attachment":[{"href":"https:\/\/smfoods.pt\/loja\/wp-json\/wp\/v2\/media?parent=64262"}],"wp:term":[{"taxonomy":"product_cat","embeddable":true,"href":"https:\/\/smfoods.pt\/loja\/wp-json\/wp\/v2\/product_cat?post=64262"},{"taxonomy":"product_tag","embeddable":true,"href":"https:\/\/smfoods.pt\/loja\/wp-json\/wp\/v2\/product_tag?post=64262"}],"curies":[{"name":"wp","href":"https:\/\/api.w.org\/{rel}","templated":true}]}}