
{"id":64284,"date":"2023-01-27T10:02:59","date_gmt":"2023-01-27T10:02:59","guid":{"rendered":"https:\/\/smfoods.pt\/loja\/produto\/d1201202-bacalhau-demultposta-longa-extra-ab-nualdimar-cx-10kg\/"},"modified":"2024-03-04T14:49:58","modified_gmt":"2024-03-04T14:49:58","slug":"d1201202-bacalhau-demultposta-longa-extra-ab-nualdimar-cx-10kg","status":"publish","type":"product","link":"https:\/\/smfoods.pt\/loja\/produto\/d1201202-bacalhau-demultposta-longa-extra-ab-nualdimar-cx-10kg\/","title":{"rendered":"Bacalhau Dem.Ult.Posta Longa EXTRA A.B. &#8220;Nualdimar&#8221; Cx 10kg"},"content":{"rendered":"<p><strong>Observa\u00e7\u00f5es: <\/strong>Origem: Noruega | Quant.: 10 pe\u00e7as | Peso m\u00e9dio (Cx): 10kg<\/p>\n","protected":false},"excerpt":{"rendered":"<p>Observa\u00e7\u00f5es: Origem: Noruega | Quant.: 10 pe\u00e7as | Peso m\u00e9dio (Cx): 10kg<\/p>\n","protected":false},"featured_media":69305,"template":"","meta":[],"product_cat":[3039,3038,2922,3091],"product_tag":[],"class_list":{"0":"post-64284","1":"product","2":"type-product","3":"status-publish","4":"has-post-thumbnail","6":"product_cat-frozen-peixes-bacalhau","7":"product_cat-restauracao-peixes-bacalhau","8":"product_cat-restauracao-novidades","9":"product_cat-frozen-peixes-peixes","11":"first","12":"instock","13":"taxable","14":"shipping-taxable","15":"product-type-simple","16":"add-to-wishlist-before_image","17":"col-xs-6 col-sm-4","18":"col-md-3 col-lg-3","19":"un-4-cols"},"_links":{"self":[{"href":"https:\/\/smfoods.pt\/loja\/wp-json\/wp\/v2\/product\/64284","targetHints":{"allow":["GET"]}}],"collection":[{"href":"https:\/\/smfoods.pt\/loja\/wp-json\/wp\/v2\/product"}],"about":[{"href":"https:\/\/smfoods.pt\/loja\/wp-json\/wp\/v2\/types\/product"}],"version-history":[{"count":3,"href":"https:\/\/smfoods.pt\/loja\/wp-json\/wp\/v2\/product\/64284\/revisions"}],"predecessor-version":[{"id":72185,"href":"https:\/\/smfoods.pt\/loja\/wp-json\/wp\/v2\/product\/64284\/revisions\/72185"}],"wp:featuredmedia":[{"embeddable":true,"href":"https:\/\/smfoods.pt\/loja\/wp-json\/wp\/v2\/media\/69305"}],"wp:attachment":[{"href":"https:\/\/smfoods.pt\/loja\/wp-json\/wp\/v2\/media?parent=64284"}],"wp:term":[{"taxonomy":"product_cat","embeddable":true,"href":"https:\/\/smfoods.pt\/loja\/wp-json\/wp\/v2\/product_cat?post=64284"},{"taxonomy":"product_tag","embeddable":true,"href":"https:\/\/smfoods.pt\/loja\/wp-json\/wp\/v2\/product_tag?post=64284"}],"curies":[{"name":"wp","href":"https:\/\/api.w.org\/{rel}","templated":true}]}}