
{"id":64393,"date":"2023-01-27T10:04:42","date_gmt":"2023-01-27T10:04:42","guid":{"rendered":"https:\/\/smfoods.pt\/loja\/produto\/18120-polvo-4000-5000\/"},"modified":"2024-03-04T14:31:11","modified_gmt":"2024-03-04T14:31:11","slug":"18120-polvo-40005000","status":"publish","type":"product","link":"https:\/\/smfoods.pt\/loja\/produto\/18120-polvo-40005000\/","title":{"rendered":"Polvo 4000\/5000"},"content":{"rendered":"<p><strong>Observa\u00e7\u00f5es: <\/strong>Polvo cr\u00fa de Marrocos. Caixa com 2 polvos.<\/p>\n","protected":false},"excerpt":{"rendered":"<p>Observa\u00e7\u00f5es: Polvo cr\u00fa de Marrocos. Caixa com 2 polvos.<\/p>\n","protected":false},"featured_media":68103,"template":"","meta":[],"product_cat":[2922,3095],"product_tag":[],"class_list":{"0":"post-64393","1":"product","2":"type-product","3":"status-publish","4":"has-post-thumbnail","6":"product_cat-restauracao-novidades","7":"product_cat-restauracao-peixes-polvo","9":"first","10":"instock","11":"taxable","12":"shipping-taxable","13":"product-type-simple","14":"add-to-wishlist-before_image","15":"col-xs-6 col-sm-4","16":"col-md-3 col-lg-3","17":"un-4-cols"},"_links":{"self":[{"href":"https:\/\/smfoods.pt\/loja\/wp-json\/wp\/v2\/product\/64393","targetHints":{"allow":["GET"]}}],"collection":[{"href":"https:\/\/smfoods.pt\/loja\/wp-json\/wp\/v2\/product"}],"about":[{"href":"https:\/\/smfoods.pt\/loja\/wp-json\/wp\/v2\/types\/product"}],"version-history":[{"count":1,"href":"https:\/\/smfoods.pt\/loja\/wp-json\/wp\/v2\/product\/64393\/revisions"}],"predecessor-version":[{"id":70850,"href":"https:\/\/smfoods.pt\/loja\/wp-json\/wp\/v2\/product\/64393\/revisions\/70850"}],"wp:featuredmedia":[{"embeddable":true,"href":"https:\/\/smfoods.pt\/loja\/wp-json\/wp\/v2\/media\/68103"}],"wp:attachment":[{"href":"https:\/\/smfoods.pt\/loja\/wp-json\/wp\/v2\/media?parent=64393"}],"wp:term":[{"taxonomy":"product_cat","embeddable":true,"href":"https:\/\/smfoods.pt\/loja\/wp-json\/wp\/v2\/product_cat?post=64393"},{"taxonomy":"product_tag","embeddable":true,"href":"https:\/\/smfoods.pt\/loja\/wp-json\/wp\/v2\/product_tag?post=64393"}],"curies":[{"name":"wp","href":"https:\/\/api.w.org\/{rel}","templated":true}]}}