
{"id":64395,"date":"2023-01-27T10:04:44","date_gmt":"2023-01-27T10:04:44","guid":{"rendered":"https:\/\/smfoods.pt\/loja\/produto\/1811-polvo-6\/"},"modified":"2024-03-04T14:32:21","modified_gmt":"2024-03-04T14:32:21","slug":"1811-polvo-6","status":"publish","type":"product","link":"https:\/\/smfoods.pt\/loja\/produto\/1811-polvo-6\/","title":{"rendered":"Polvo 6+"},"content":{"rendered":"<p><strong>Observa\u00e7\u00f5es: <\/strong>Polvo cr\u00fa de Marrocos. Caixa com 2 polvos.<\/p>\n","protected":false},"excerpt":{"rendered":"<p>Observa\u00e7\u00f5es: Polvo cr\u00fa de Marrocos. Caixa com 2 polvos.<\/p>\n","protected":false},"featured_media":68389,"template":"","meta":[],"product_cat":[2922,3095],"product_tag":[],"class_list":{"0":"post-64395","1":"product","2":"type-product","3":"status-publish","4":"has-post-thumbnail","6":"product_cat-restauracao-novidades","7":"product_cat-restauracao-peixes-polvo","9":"first","10":"instock","11":"taxable","12":"shipping-taxable","13":"product-type-simple","14":"add-to-wishlist-before_image","15":"col-xs-6 col-sm-4","16":"col-md-3 col-lg-3","17":"un-4-cols"},"_links":{"self":[{"href":"https:\/\/smfoods.pt\/loja\/wp-json\/wp\/v2\/product\/64395","targetHints":{"allow":["GET"]}}],"collection":[{"href":"https:\/\/smfoods.pt\/loja\/wp-json\/wp\/v2\/product"}],"about":[{"href":"https:\/\/smfoods.pt\/loja\/wp-json\/wp\/v2\/types\/product"}],"version-history":[{"count":2,"href":"https:\/\/smfoods.pt\/loja\/wp-json\/wp\/v2\/product\/64395\/revisions"}],"predecessor-version":[{"id":71542,"href":"https:\/\/smfoods.pt\/loja\/wp-json\/wp\/v2\/product\/64395\/revisions\/71542"}],"wp:featuredmedia":[{"embeddable":true,"href":"https:\/\/smfoods.pt\/loja\/wp-json\/wp\/v2\/media\/68389"}],"wp:attachment":[{"href":"https:\/\/smfoods.pt\/loja\/wp-json\/wp\/v2\/media?parent=64395"}],"wp:term":[{"taxonomy":"product_cat","embeddable":true,"href":"https:\/\/smfoods.pt\/loja\/wp-json\/wp\/v2\/product_cat?post=64395"},{"taxonomy":"product_tag","embeddable":true,"href":"https:\/\/smfoods.pt\/loja\/wp-json\/wp\/v2\/product_tag?post=64395"}],"curies":[{"name":"wp","href":"https:\/\/api.w.org\/{rel}","templated":true}]}}