
{"id":64433,"date":"2023-01-27T10:05:19","date_gmt":"2023-01-27T10:05:19","guid":{"rendered":"https:\/\/smfoods.pt\/loja\/produto\/24101-bacalhau-lombo-cx-5-kg-300gr-unid\/"},"modified":"2024-03-04T14:34:24","modified_gmt":"2024-03-04T14:34:24","slug":"24101-bacalhau-lombo-cx-5-kg-300gr-unid","status":"publish","type":"product","link":"https:\/\/smfoods.pt\/loja\/produto\/24101-bacalhau-lombo-cx-5-kg-300gr-unid\/","title":{"rendered":"Bacalhau Lombo Cx 5 Kg ( 300gr \/ unid)"},"content":{"rendered":"<p><strong>Observa\u00e7\u00f5es: <\/strong>Origem: Noruega | Quant.: 16 pe\u00e7as | Peso m\u00e9dio (Cx): 5kg<\/p>\n","protected":false},"excerpt":{"rendered":"<p>Observa\u00e7\u00f5es: Origem: Noruega | Quant.: 16 pe\u00e7as | Peso m\u00e9dio (Cx): 5kg<\/p>\n","protected":false},"featured_media":68173,"template":"","meta":[],"product_cat":[3038,2922],"product_tag":[],"class_list":{"0":"post-64433","1":"product","2":"type-product","3":"status-publish","4":"has-post-thumbnail","6":"product_cat-restauracao-peixes-bacalhau","7":"product_cat-restauracao-novidades","9":"first","10":"instock","11":"taxable","12":"shipping-taxable","13":"product-type-simple","14":"add-to-wishlist-before_image","15":"col-xs-6 col-sm-4","16":"col-md-3 col-lg-3","17":"un-4-cols"},"_links":{"self":[{"href":"https:\/\/smfoods.pt\/loja\/wp-json\/wp\/v2\/product\/64433","targetHints":{"allow":["GET"]}}],"collection":[{"href":"https:\/\/smfoods.pt\/loja\/wp-json\/wp\/v2\/product"}],"about":[{"href":"https:\/\/smfoods.pt\/loja\/wp-json\/wp\/v2\/types\/product"}],"version-history":[{"count":2,"href":"https:\/\/smfoods.pt\/loja\/wp-json\/wp\/v2\/product\/64433\/revisions"}],"predecessor-version":[{"id":72157,"href":"https:\/\/smfoods.pt\/loja\/wp-json\/wp\/v2\/product\/64433\/revisions\/72157"}],"wp:featuredmedia":[{"embeddable":true,"href":"https:\/\/smfoods.pt\/loja\/wp-json\/wp\/v2\/media\/68173"}],"wp:attachment":[{"href":"https:\/\/smfoods.pt\/loja\/wp-json\/wp\/v2\/media?parent=64433"}],"wp:term":[{"taxonomy":"product_cat","embeddable":true,"href":"https:\/\/smfoods.pt\/loja\/wp-json\/wp\/v2\/product_cat?post=64433"},{"taxonomy":"product_tag","embeddable":true,"href":"https:\/\/smfoods.pt\/loja\/wp-json\/wp\/v2\/product_tag?post=64433"}],"curies":[{"name":"wp","href":"https:\/\/api.w.org\/{rel}","templated":true}]}}