
{"id":64467,"date":"2023-01-27T10:05:51","date_gmt":"2023-01-27T10:05:51","guid":{"rendered":"https:\/\/smfoods.pt\/loja\/produto\/415658-manteiga-st-villepre-blocos-10x1-kg\/"},"modified":"2024-03-04T14:42:41","modified_gmt":"2024-03-04T14:42:41","slug":"415658-manteiga-st-villepre-blocos-10x1-kg","status":"publish","type":"product","link":"https:\/\/smfoods.pt\/loja\/produto\/415658-manteiga-st-villepre-blocos-10x1-kg\/","title":{"rendered":"Manteiga St. Villepre Blocos 10&#215;1 Kg"},"content":{"rendered":"<p><strong>Observa\u00e7\u00f5es: <\/strong>Manteiga para inclus\u00f5es com 82% de gordura. Ideal para fazer sabl\u00e9s, brioche, choux e bolachas.<br \/>\nTemperatura ideal de trabalho: 4-20\u00baC.<br \/>\nTemperatura de fus\u00e3o 33-34\u00baC.<\/p>\n","protected":false},"excerpt":{"rendered":"<p>Observa\u00e7\u00f5es: Manteiga para inclus\u00f5es com 82% de gordura. Ideal para fazer sabl\u00e9s, brioche, choux e bolachas. Temperatura ideal de trabalho: 4-20\u00baC. Temperatura de fus\u00e3o 33-34\u00baC.<\/p>\n","protected":false},"featured_media":69092,"template":"","meta":[],"product_cat":[2966],"product_tag":[],"class_list":{"0":"post-64467","1":"product","2":"type-product","3":"status-publish","4":"has-post-thumbnail","6":"product_cat-pastelaria-margarinas","8":"first","9":"instock","10":"taxable","11":"shipping-taxable","12":"product-type-simple","13":"add-to-wishlist-before_image","14":"col-xs-6 col-sm-4","15":"col-md-3 col-lg-3","16":"un-4-cols"},"_links":{"self":[{"href":"https:\/\/smfoods.pt\/loja\/wp-json\/wp\/v2\/product\/64467","targetHints":{"allow":["GET"]}}],"collection":[{"href":"https:\/\/smfoods.pt\/loja\/wp-json\/wp\/v2\/product"}],"about":[{"href":"https:\/\/smfoods.pt\/loja\/wp-json\/wp\/v2\/types\/product"}],"version-history":[{"count":1,"href":"https:\/\/smfoods.pt\/loja\/wp-json\/wp\/v2\/product\/64467\/revisions"}],"predecessor-version":[{"id":70956,"href":"https:\/\/smfoods.pt\/loja\/wp-json\/wp\/v2\/product\/64467\/revisions\/70956"}],"wp:featuredmedia":[{"embeddable":true,"href":"https:\/\/smfoods.pt\/loja\/wp-json\/wp\/v2\/media\/69092"}],"wp:attachment":[{"href":"https:\/\/smfoods.pt\/loja\/wp-json\/wp\/v2\/media?parent=64467"}],"wp:term":[{"taxonomy":"product_cat","embeddable":true,"href":"https:\/\/smfoods.pt\/loja\/wp-json\/wp\/v2\/product_cat?post=64467"},{"taxonomy":"product_tag","embeddable":true,"href":"https:\/\/smfoods.pt\/loja\/wp-json\/wp\/v2\/product_tag?post=64467"}],"curies":[{"name":"wp","href":"https:\/\/api.w.org\/{rel}","templated":true}]}}