
{"id":64624,"date":"2023-01-27T10:08:25","date_gmt":"2023-01-27T10:08:25","guid":{"rendered":"https:\/\/smfoods.pt\/loja\/produto\/000172-pure-groselha-negra-blackcurrant-1-kg\/"},"modified":"2024-03-04T15:34:49","modified_gmt":"2024-03-04T15:34:49","slug":"000172-pure-groselha-negrablackcurrant-1-kg","status":"publish","type":"product","link":"https:\/\/smfoods.pt\/loja\/produto\/000172-pure-groselha-negrablackcurrant-1-kg\/","title":{"rendered":"Pur\u00e9 Groselha Negra\/Blackcurrant 1 Kg"},"content":{"rendered":"<p><strong>Observa\u00e7\u00f5es: <\/strong>Origem Fran\u00e7a (Burgundy) &#8211; Caixa 6 Master 6 cuvetes<\/p>\n","protected":false},"excerpt":{"rendered":"<p>Observa\u00e7\u00f5es: Origem Fran\u00e7a (Burgundy) &#8211; Caixa 6 Master 6 cuvetes<\/p>\n","protected":false},"featured_media":69406,"template":"","meta":[],"product_cat":[2991,2990,2992,2989],"product_tag":[],"class_list":{"0":"post-64624","1":"product","2":"type-product","3":"status-publish","4":"has-post-thumbnail","6":"product_cat-pastelaria-pures-de-frura","7":"product_cat-gelataria-pures-de-fruta","8":"product_cat-restauracao-pures-de-fruta","9":"product_cat-frozen-pures-de-fruta","11":"first","12":"instock","13":"taxable","14":"shipping-taxable","15":"product-type-simple","16":"add-to-wishlist-before_image","17":"col-xs-6 col-sm-4","18":"col-md-3 col-lg-3","19":"un-4-cols"},"_links":{"self":[{"href":"https:\/\/smfoods.pt\/loja\/wp-json\/wp\/v2\/product\/64624","targetHints":{"allow":["GET"]}}],"collection":[{"href":"https:\/\/smfoods.pt\/loja\/wp-json\/wp\/v2\/product"}],"about":[{"href":"https:\/\/smfoods.pt\/loja\/wp-json\/wp\/v2\/types\/product"}],"version-history":[{"count":1,"href":"https:\/\/smfoods.pt\/loja\/wp-json\/wp\/v2\/product\/64624\/revisions"}],"predecessor-version":[{"id":72803,"href":"https:\/\/smfoods.pt\/loja\/wp-json\/wp\/v2\/product\/64624\/revisions\/72803"}],"wp:featuredmedia":[{"embeddable":true,"href":"https:\/\/smfoods.pt\/loja\/wp-json\/wp\/v2\/media\/69406"}],"wp:attachment":[{"href":"https:\/\/smfoods.pt\/loja\/wp-json\/wp\/v2\/media?parent=64624"}],"wp:term":[{"taxonomy":"product_cat","embeddable":true,"href":"https:\/\/smfoods.pt\/loja\/wp-json\/wp\/v2\/product_cat?post=64624"},{"taxonomy":"product_tag","embeddable":true,"href":"https:\/\/smfoods.pt\/loja\/wp-json\/wp\/v2\/product_tag?post=64624"}],"curies":[{"name":"wp","href":"https:\/\/api.w.org\/{rel}","templated":true}]}}