
{"id":64626,"date":"2023-01-27T10:08:27","date_gmt":"2023-01-27T10:08:27","guid":{"rendered":"https:\/\/smfoods.pt\/loja\/produto\/000160-pure-100-bergamot-1-kg\/"},"modified":"2024-03-04T15:30:14","modified_gmt":"2024-03-04T15:30:14","slug":"000160-pure-100-bergamot-1-kg","status":"publish","type":"product","link":"https:\/\/smfoods.pt\/loja\/produto\/000160-pure-100-bergamot-1-kg\/","title":{"rendered":"Pur\u00e9 100% Bergamot 1 Kg"},"content":{"rendered":"<p><strong>Observa\u00e7\u00f5es: <\/strong>Origem Italia (Calabria) | Caixa 6 Master 6 cuvetes<\/p>\n","protected":false},"excerpt":{"rendered":"<p>Observa\u00e7\u00f5es: Origem Italia (Calabria) | Caixa 6 Master 6 cuvetes<\/p>\n","protected":false},"featured_media":69418,"template":"","meta":[],"product_cat":[2951,2952,2953,2991,2992,2989,2990],"product_tag":[],"class_list":{"0":"post-64626","1":"product","2":"type-product","3":"status-publish","4":"has-post-thumbnail","6":"product_cat-pastelaria-frutas-congeladas","7":"product_cat-frozen-frutas-congeladas","8":"product_cat-restauracao-frutas-congeladas","9":"product_cat-pastelaria-pures-de-frura","10":"product_cat-restauracao-pures-de-fruta","11":"product_cat-frozen-pures-de-fruta","12":"product_cat-gelataria-pures-de-fruta","14":"first","15":"instock","16":"taxable","17":"shipping-taxable","18":"product-type-simple","19":"add-to-wishlist-before_image","20":"col-xs-6 col-sm-4","21":"col-md-3 col-lg-3","22":"un-4-cols"},"_links":{"self":[{"href":"https:\/\/smfoods.pt\/loja\/wp-json\/wp\/v2\/product\/64626","targetHints":{"allow":["GET"]}}],"collection":[{"href":"https:\/\/smfoods.pt\/loja\/wp-json\/wp\/v2\/product"}],"about":[{"href":"https:\/\/smfoods.pt\/loja\/wp-json\/wp\/v2\/types\/product"}],"version-history":[{"count":2,"href":"https:\/\/smfoods.pt\/loja\/wp-json\/wp\/v2\/product\/64626\/revisions"}],"predecessor-version":[{"id":71047,"href":"https:\/\/smfoods.pt\/loja\/wp-json\/wp\/v2\/product\/64626\/revisions\/71047"}],"wp:featuredmedia":[{"embeddable":true,"href":"https:\/\/smfoods.pt\/loja\/wp-json\/wp\/v2\/media\/69418"}],"wp:attachment":[{"href":"https:\/\/smfoods.pt\/loja\/wp-json\/wp\/v2\/media?parent=64626"}],"wp:term":[{"taxonomy":"product_cat","embeddable":true,"href":"https:\/\/smfoods.pt\/loja\/wp-json\/wp\/v2\/product_cat?post=64626"},{"taxonomy":"product_tag","embeddable":true,"href":"https:\/\/smfoods.pt\/loja\/wp-json\/wp\/v2\/product_tag?post=64626"}],"curies":[{"name":"wp","href":"https:\/\/api.w.org\/{rel}","templated":true}]}}