
{"id":64632,"date":"2023-01-27T10:08:32","date_gmt":"2023-01-27T10:08:32","guid":{"rendered":"https:\/\/smfoods.pt\/loja\/produto\/000197-pure-100-morango-1-kg\/"},"modified":"2024-03-04T15:31:07","modified_gmt":"2024-03-04T15:31:07","slug":"000197-pure-100-morango-1-kg","status":"publish","type":"product","link":"https:\/\/smfoods.pt\/loja\/produto\/000197-pure-100-morango-1-kg\/","title":{"rendered":"Pur\u00e9 100% Morango 1 Kg"},"content":{"rendered":"<p><strong>Observa\u00e7\u00f5es: <\/strong>Origem: Marroco\/Fran\u00e7a | Nome Varietal: Mar de Bois | Caixa  Master 6 cuvetes<\/p>\n","protected":false},"excerpt":{"rendered":"<p>Observa\u00e7\u00f5es: Origem: Marroco\/Fran\u00e7a | Nome Varietal: Mar de Bois | Caixa Master 6 cuvetes<\/p>\n","protected":false},"featured_media":69392,"template":"","meta":[],"product_cat":[2991,2990,2992,2989],"product_tag":[],"class_list":{"0":"post-64632","1":"product","2":"type-product","3":"status-publish","4":"has-post-thumbnail","6":"product_cat-pastelaria-pures-de-frura","7":"product_cat-gelataria-pures-de-fruta","8":"product_cat-restauracao-pures-de-fruta","9":"product_cat-frozen-pures-de-fruta","11":"first","12":"onbackorder","13":"taxable","14":"shipping-taxable","15":"product-type-simple","16":"add-to-wishlist-before_image","17":"col-xs-6 col-sm-4","18":"col-md-3 col-lg-3","19":"un-4-cols"},"_links":{"self":[{"href":"https:\/\/smfoods.pt\/loja\/wp-json\/wp\/v2\/product\/64632","targetHints":{"allow":["GET"]}}],"collection":[{"href":"https:\/\/smfoods.pt\/loja\/wp-json\/wp\/v2\/product"}],"about":[{"href":"https:\/\/smfoods.pt\/loja\/wp-json\/wp\/v2\/types\/product"}],"version-history":[{"count":2,"href":"https:\/\/smfoods.pt\/loja\/wp-json\/wp\/v2\/product\/64632\/revisions"}],"predecessor-version":[{"id":71647,"href":"https:\/\/smfoods.pt\/loja\/wp-json\/wp\/v2\/product\/64632\/revisions\/71647"}],"wp:featuredmedia":[{"embeddable":true,"href":"https:\/\/smfoods.pt\/loja\/wp-json\/wp\/v2\/media\/69392"}],"wp:attachment":[{"href":"https:\/\/smfoods.pt\/loja\/wp-json\/wp\/v2\/media?parent=64632"}],"wp:term":[{"taxonomy":"product_cat","embeddable":true,"href":"https:\/\/smfoods.pt\/loja\/wp-json\/wp\/v2\/product_cat?post=64632"},{"taxonomy":"product_tag","embeddable":true,"href":"https:\/\/smfoods.pt\/loja\/wp-json\/wp\/v2\/product_tag?post=64632"}],"curies":[{"name":"wp","href":"https:\/\/api.w.org\/{rel}","templated":true}]}}