
{"id":64644,"date":"2023-01-27T10:08:44","date_gmt":"2023-01-27T10:08:44","guid":{"rendered":"https:\/\/smfoods.pt\/loja\/produto\/000312-pure-100-lima-1kg\/"},"modified":"2024-03-04T15:30:28","modified_gmt":"2024-03-04T15:30:28","slug":"000312-pure-100-lima-1kg","status":"publish","type":"product","link":"https:\/\/smfoods.pt\/loja\/produto\/000312-pure-100-lima-1kg\/","title":{"rendered":"Pur\u00e9 100% Lima 1kg"},"content":{"rendered":"<p><strong>Observa\u00e7\u00f5es: <\/strong>Origem M\u00e9xico \u2013 Caixa 6 completa 6 cuvetes<\/p>\n","protected":false},"excerpt":{"rendered":"<p>Observa\u00e7\u00f5es: Origem M\u00e9xico \u2013 Caixa 6 completa 6 cuvetes<\/p>\n","protected":false},"featured_media":69408,"template":"","meta":[],"product_cat":[2952,2953,2951,2991,2992,2989,2990],"product_tag":[],"class_list":{"0":"post-64644","1":"product","2":"type-product","3":"status-publish","4":"has-post-thumbnail","6":"product_cat-frozen-frutas-congeladas","7":"product_cat-restauracao-frutas-congeladas","8":"product_cat-pastelaria-frutas-congeladas","9":"product_cat-pastelaria-pures-de-frura","10":"product_cat-restauracao-pures-de-fruta","11":"product_cat-frozen-pures-de-fruta","12":"product_cat-gelataria-pures-de-fruta","14":"first","15":"instock","16":"taxable","17":"shipping-taxable","18":"product-type-simple","19":"add-to-wishlist-before_image","20":"col-xs-6 col-sm-4","21":"col-md-3 col-lg-3","22":"un-4-cols"},"_links":{"self":[{"href":"https:\/\/smfoods.pt\/loja\/wp-json\/wp\/v2\/product\/64644","targetHints":{"allow":["GET"]}}],"collection":[{"href":"https:\/\/smfoods.pt\/loja\/wp-json\/wp\/v2\/product"}],"about":[{"href":"https:\/\/smfoods.pt\/loja\/wp-json\/wp\/v2\/types\/product"}],"version-history":[{"count":2,"href":"https:\/\/smfoods.pt\/loja\/wp-json\/wp\/v2\/product\/64644\/revisions"}],"predecessor-version":[{"id":71051,"href":"https:\/\/smfoods.pt\/loja\/wp-json\/wp\/v2\/product\/64644\/revisions\/71051"}],"wp:featuredmedia":[{"embeddable":true,"href":"https:\/\/smfoods.pt\/loja\/wp-json\/wp\/v2\/media\/69408"}],"wp:attachment":[{"href":"https:\/\/smfoods.pt\/loja\/wp-json\/wp\/v2\/media?parent=64644"}],"wp:term":[{"taxonomy":"product_cat","embeddable":true,"href":"https:\/\/smfoods.pt\/loja\/wp-json\/wp\/v2\/product_cat?post=64644"},{"taxonomy":"product_tag","embeddable":true,"href":"https:\/\/smfoods.pt\/loja\/wp-json\/wp\/v2\/product_tag?post=64644"}],"curies":[{"name":"wp","href":"https:\/\/api.w.org\/{rel}","templated":true}]}}