
{"id":64675,"date":"2023-01-27T10:09:14","date_gmt":"2023-01-27T10:09:14","guid":{"rendered":"https:\/\/smfoods.pt\/loja\/produto\/002656-pure-banana-1kg\/"},"modified":"2024-03-04T15:33:53","modified_gmt":"2024-03-04T15:33:53","slug":"002656-pure-banana-1kg","status":"publish","type":"product","link":"https:\/\/smfoods.pt\/loja\/produto\/002656-pure-banana-1kg\/","title":{"rendered":"Pur\u00e9 Banana 1kg"},"content":{"rendered":"<p><strong>Observa\u00e7\u00f5es: <\/strong>Origem: Costa Rica | Caixa 6 completa 6 cuvetes | 10% A\u00e7ucar<\/p>\n","protected":false},"excerpt":{"rendered":"<p>Observa\u00e7\u00f5es: Origem: Costa Rica | Caixa 6 completa 6 cuvetes | 10% A\u00e7ucar<\/p>\n","protected":false},"featured_media":69400,"template":"","meta":[],"product_cat":[2953,2951,2952,2991,2992,2989,2990],"product_tag":[],"class_list":{"0":"post-64675","1":"product","2":"type-product","3":"status-publish","4":"has-post-thumbnail","6":"product_cat-restauracao-frutas-congeladas","7":"product_cat-pastelaria-frutas-congeladas","8":"product_cat-frozen-frutas-congeladas","9":"product_cat-pastelaria-pures-de-frura","10":"product_cat-restauracao-pures-de-fruta","11":"product_cat-frozen-pures-de-fruta","12":"product_cat-gelataria-pures-de-fruta","14":"first","15":"instock","16":"taxable","17":"shipping-taxable","18":"product-type-simple","19":"add-to-wishlist-before_image","20":"col-xs-6 col-sm-4","21":"col-md-3 col-lg-3","22":"un-4-cols"},"_links":{"self":[{"href":"https:\/\/smfoods.pt\/loja\/wp-json\/wp\/v2\/product\/64675","targetHints":{"allow":["GET"]}}],"collection":[{"href":"https:\/\/smfoods.pt\/loja\/wp-json\/wp\/v2\/product"}],"about":[{"href":"https:\/\/smfoods.pt\/loja\/wp-json\/wp\/v2\/types\/product"}],"version-history":[{"count":1,"href":"https:\/\/smfoods.pt\/loja\/wp-json\/wp\/v2\/product\/64675\/revisions"}],"predecessor-version":[{"id":71036,"href":"https:\/\/smfoods.pt\/loja\/wp-json\/wp\/v2\/product\/64675\/revisions\/71036"}],"wp:featuredmedia":[{"embeddable":true,"href":"https:\/\/smfoods.pt\/loja\/wp-json\/wp\/v2\/media\/69400"}],"wp:attachment":[{"href":"https:\/\/smfoods.pt\/loja\/wp-json\/wp\/v2\/media?parent=64675"}],"wp:term":[{"taxonomy":"product_cat","embeddable":true,"href":"https:\/\/smfoods.pt\/loja\/wp-json\/wp\/v2\/product_cat?post=64675"},{"taxonomy":"product_tag","embeddable":true,"href":"https:\/\/smfoods.pt\/loja\/wp-json\/wp\/v2\/product_tag?post=64675"}],"curies":[{"name":"wp","href":"https:\/\/api.w.org\/{rel}","templated":true}]}}