
{"id":64679,"date":"2023-01-27T10:09:18","date_gmt":"2023-01-27T10:09:18","guid":{"rendered":"https:\/\/smfoods.pt\/loja\/produto\/045000-fraise-poudre-morango-liofilizado-em-po-pcb-200-gr\/"},"modified":"2024-03-04T15:26:23","modified_gmt":"2024-03-04T15:26:23","slug":"045000-fraise-poudre-morango-liofilizado-em-po-pcb-200-gr","status":"publish","type":"product","link":"https:\/\/smfoods.pt\/loja\/produto\/045000-fraise-poudre-morango-liofilizado-em-po-pcb-200-gr\/","title":{"rendered":"Fraise Poudre (Morango Liofilizado em p\u00f3) PCB 200 gr"},"content":{"rendered":"<p><strong>Observa\u00e7\u00f5es: <\/strong>Framboesa iofilizada em p\u00f3, ideal para aromatizar massas de bolos, am\u00eandoas ou drageias.<br \/>\nIngredientes: 100% Morango<\/p>\n","protected":false},"excerpt":{"rendered":"<p>Observa\u00e7\u00f5es: Framboesa iofilizada em p\u00f3, ideal para aromatizar massas de bolos, am\u00eandoas ou drageias. Ingredientes: 100% Morango<\/p>\n","protected":false},"featured_media":69479,"template":"","meta":[],"product_cat":[2919],"product_tag":[],"class_list":{"0":"post-64679","1":"product","2":"type-product","3":"status-publish","4":"has-post-thumbnail","6":"product_cat-pastelaria-frutas-liofilizadas","8":"first","9":"onbackorder","10":"taxable","11":"shipping-taxable","12":"product-type-simple","13":"add-to-wishlist-before_image","14":"col-xs-6 col-sm-4","15":"col-md-3 col-lg-3","16":"un-4-cols"},"_links":{"self":[{"href":"https:\/\/smfoods.pt\/loja\/wp-json\/wp\/v2\/product\/64679","targetHints":{"allow":["GET"]}}],"collection":[{"href":"https:\/\/smfoods.pt\/loja\/wp-json\/wp\/v2\/product"}],"about":[{"href":"https:\/\/smfoods.pt\/loja\/wp-json\/wp\/v2\/types\/product"}],"version-history":[{"count":2,"href":"https:\/\/smfoods.pt\/loja\/wp-json\/wp\/v2\/product\/64679\/revisions"}],"predecessor-version":[{"id":71660,"href":"https:\/\/smfoods.pt\/loja\/wp-json\/wp\/v2\/product\/64679\/revisions\/71660"}],"wp:featuredmedia":[{"embeddable":true,"href":"https:\/\/smfoods.pt\/loja\/wp-json\/wp\/v2\/media\/69479"}],"wp:attachment":[{"href":"https:\/\/smfoods.pt\/loja\/wp-json\/wp\/v2\/media?parent=64679"}],"wp:term":[{"taxonomy":"product_cat","embeddable":true,"href":"https:\/\/smfoods.pt\/loja\/wp-json\/wp\/v2\/product_cat?post=64679"},{"taxonomy":"product_tag","embeddable":true,"href":"https:\/\/smfoods.pt\/loja\/wp-json\/wp\/v2\/product_tag?post=64679"}],"curies":[{"name":"wp","href":"https:\/\/api.w.org\/{rel}","templated":true}]}}