
{"id":64686,"date":"2023-01-27T10:09:26","date_gmt":"2023-01-27T10:09:26","guid":{"rendered":"https:\/\/smfoods.pt\/loja\/produto\/060949-fraise-crispy-morango-pcb-200-gr\/"},"modified":"2024-03-04T15:25:38","modified_gmt":"2024-03-04T15:25:38","slug":"060949-fraise-crispy-morango-pcb-200-gr","status":"publish","type":"product","link":"https:\/\/smfoods.pt\/loja\/produto\/060949-fraise-crispy-morango-pcb-200-gr\/","title":{"rendered":"Fraise Crispy (Morango) PCB 200 gr"},"content":{"rendered":"<p><strong>Observa\u00e7\u00f5es: <\/strong>Peda\u00e7os de morangos crocantes, ideal para decorar topo o tipo de pastelaria fina.<br \/>\nIngredientes: Xarope de glucose, morango (40%), a\u00e7ucar e amido.<\/p>\n","protected":false},"excerpt":{"rendered":"<p>Observa\u00e7\u00f5es: Peda\u00e7os de morangos crocantes, ideal para decorar topo o tipo de pastelaria fina. Ingredientes: Xarope de glucose, morango (40%), a\u00e7ucar e amido.<\/p>\n","protected":false},"featured_media":69459,"template":"","meta":[],"product_cat":[2919],"product_tag":[],"class_list":{"0":"post-64686","1":"product","2":"type-product","3":"status-publish","4":"has-post-thumbnail","6":"product_cat-pastelaria-frutas-liofilizadas","8":"first","9":"instock","10":"taxable","11":"shipping-taxable","12":"product-type-simple","13":"add-to-wishlist-before_image","14":"col-xs-6 col-sm-4","15":"col-md-3 col-lg-3","16":"un-4-cols"},"_links":{"self":[{"href":"https:\/\/smfoods.pt\/loja\/wp-json\/wp\/v2\/product\/64686","targetHints":{"allow":["GET"]}}],"collection":[{"href":"https:\/\/smfoods.pt\/loja\/wp-json\/wp\/v2\/product"}],"about":[{"href":"https:\/\/smfoods.pt\/loja\/wp-json\/wp\/v2\/types\/product"}],"version-history":[{"count":2,"href":"https:\/\/smfoods.pt\/loja\/wp-json\/wp\/v2\/product\/64686\/revisions"}],"predecessor-version":[{"id":71639,"href":"https:\/\/smfoods.pt\/loja\/wp-json\/wp\/v2\/product\/64686\/revisions\/71639"}],"wp:featuredmedia":[{"embeddable":true,"href":"https:\/\/smfoods.pt\/loja\/wp-json\/wp\/v2\/media\/69459"}],"wp:attachment":[{"href":"https:\/\/smfoods.pt\/loja\/wp-json\/wp\/v2\/media?parent=64686"}],"wp:term":[{"taxonomy":"product_cat","embeddable":true,"href":"https:\/\/smfoods.pt\/loja\/wp-json\/wp\/v2\/product_cat?post=64686"},{"taxonomy":"product_tag","embeddable":true,"href":"https:\/\/smfoods.pt\/loja\/wp-json\/wp\/v2\/product_tag?post=64686"}],"curies":[{"name":"wp","href":"https:\/\/api.w.org\/{rel}","templated":true}]}}