
{"id":64689,"date":"2023-01-27T10:09:30","date_gmt":"2023-01-27T10:09:30","guid":{"rendered":"https:\/\/smfoods.pt\/loja\/produto\/060950-framboise-crispy-framboesa-pcb-200-gr\/"},"modified":"2024-03-04T15:25:40","modified_gmt":"2024-03-04T15:25:40","slug":"060950-framboise-crispy-framboesa-pcb-200-gr","status":"publish","type":"product","link":"https:\/\/smfoods.pt\/loja\/produto\/060950-framboise-crispy-framboesa-pcb-200-gr\/","title":{"rendered":"Framboise Crispy (Framboesa) PCB 200 gr"},"content":{"rendered":"<p><strong>Observa\u00e7\u00f5es: <\/strong>Peda\u00e7os de framboesa crocantes, ideal para decorar topo o tipo de pastelaria fina.<br \/>\nIngredientes: A\u00e7\u00facar, framboesa (30%), amido e sumo concentrado framboesa.<\/p>\n","protected":false},"excerpt":{"rendered":"<p>Observa\u00e7\u00f5es: Peda\u00e7os de framboesa crocantes, ideal para decorar topo o tipo de pastelaria fina. Ingredientes: A\u00e7\u00facar, framboesa (30%), amido e sumo concentrado framboesa.<\/p>\n","protected":false},"featured_media":69462,"template":"","meta":[],"product_cat":[2919],"product_tag":[],"class_list":{"0":"post-64689","1":"product","2":"type-product","3":"status-publish","4":"has-post-thumbnail","6":"product_cat-pastelaria-frutas-liofilizadas","8":"first","9":"instock","10":"taxable","11":"shipping-taxable","12":"product-type-simple","13":"add-to-wishlist-before_image","14":"col-xs-6 col-sm-4","15":"col-md-3 col-lg-3","16":"un-4-cols"},"_links":{"self":[{"href":"https:\/\/smfoods.pt\/loja\/wp-json\/wp\/v2\/product\/64689","targetHints":{"allow":["GET"]}}],"collection":[{"href":"https:\/\/smfoods.pt\/loja\/wp-json\/wp\/v2\/product"}],"about":[{"href":"https:\/\/smfoods.pt\/loja\/wp-json\/wp\/v2\/types\/product"}],"version-history":[{"count":2,"href":"https:\/\/smfoods.pt\/loja\/wp-json\/wp\/v2\/product\/64689\/revisions"}],"predecessor-version":[{"id":71640,"href":"https:\/\/smfoods.pt\/loja\/wp-json\/wp\/v2\/product\/64689\/revisions\/71640"}],"wp:featuredmedia":[{"embeddable":true,"href":"https:\/\/smfoods.pt\/loja\/wp-json\/wp\/v2\/media\/69462"}],"wp:attachment":[{"href":"https:\/\/smfoods.pt\/loja\/wp-json\/wp\/v2\/media?parent=64689"}],"wp:term":[{"taxonomy":"product_cat","embeddable":true,"href":"https:\/\/smfoods.pt\/loja\/wp-json\/wp\/v2\/product_cat?post=64689"},{"taxonomy":"product_tag","embeddable":true,"href":"https:\/\/smfoods.pt\/loja\/wp-json\/wp\/v2\/product_tag?post=64689"}],"curies":[{"name":"wp","href":"https:\/\/api.w.org\/{rel}","templated":true}]}}