
{"id":64698,"date":"2023-01-27T10:09:38","date_gmt":"2023-01-27T10:09:38","guid":{"rendered":"https:\/\/smfoods.pt\/loja\/produto\/04v-almondegas-de-aveia-e-quinoa-vegan-12x15-unidades\/"},"modified":"2024-03-04T15:25:32","modified_gmt":"2024-03-04T15:25:32","slug":"04v-almondegas-de-aveia-e-quinoa-vegan-12x15-unidades","status":"publish","type":"product","link":"https:\/\/smfoods.pt\/loja\/produto\/04v-almondegas-de-aveia-e-quinoa-vegan-12x15-unidades\/","title":{"rendered":"Almondegas de Aveia e Quinoa Vegan (12&#215;15 unidades)"},"content":{"rendered":"<p><strong>Observa\u00e7\u00f5es: <\/strong>Alm\u00f4ndegas de Aveia e Quinoa Vegan<\/p>\n<p>Modo Prepara\u00e7\u00e3o: Levar ao forno 20 a 25 minutos ou fazer molho a gosto.<\/p>\n<p>Ingredientes: Quinoa, Ropolho, aveia, cenoura, azeite, margarina, aromas, regulador acidez, conservante, massa de alho, cebola, caldo de vegetais, a\u00e7ucar e especiarias.<\/p>\n","protected":false},"excerpt":{"rendered":"<p>Observa\u00e7\u00f5es: Alm\u00f4ndegas de Aveia e Quinoa Vegan Modo Prepara\u00e7\u00e3o: Levar ao forno 20 a 25 minutos ou fazer molho a gosto. Ingredientes: Quinoa, Ropolho, aveia, cenoura, azeite, margarina, aromas, regulador acidez, conservante, massa de alho, cebola, caldo de vegetais, a\u00e7ucar e especiarias.<\/p>\n","protected":false},"featured_media":69455,"template":"","meta":[],"product_cat":[3005],"product_tag":[],"class_list":{"0":"post-64698","1":"product","2":"type-product","3":"status-publish","4":"has-post-thumbnail","6":"product_cat-restauracao-vegan","8":"first","9":"instock","10":"taxable","11":"shipping-taxable","12":"product-type-simple","13":"add-to-wishlist-before_image","14":"col-xs-6 col-sm-4","15":"col-md-3 col-lg-3","16":"un-4-cols"},"_links":{"self":[{"href":"https:\/\/smfoods.pt\/loja\/wp-json\/wp\/v2\/product\/64698","targetHints":{"allow":["GET"]}}],"collection":[{"href":"https:\/\/smfoods.pt\/loja\/wp-json\/wp\/v2\/product"}],"about":[{"href":"https:\/\/smfoods.pt\/loja\/wp-json\/wp\/v2\/types\/product"}],"version-history":[{"count":2,"href":"https:\/\/smfoods.pt\/loja\/wp-json\/wp\/v2\/product\/64698\/revisions"}],"predecessor-version":[{"id":71638,"href":"https:\/\/smfoods.pt\/loja\/wp-json\/wp\/v2\/product\/64698\/revisions\/71638"}],"wp:featuredmedia":[{"embeddable":true,"href":"https:\/\/smfoods.pt\/loja\/wp-json\/wp\/v2\/media\/69455"}],"wp:attachment":[{"href":"https:\/\/smfoods.pt\/loja\/wp-json\/wp\/v2\/media?parent=64698"}],"wp:term":[{"taxonomy":"product_cat","embeddable":true,"href":"https:\/\/smfoods.pt\/loja\/wp-json\/wp\/v2\/product_cat?post=64698"},{"taxonomy":"product_tag","embeddable":true,"href":"https:\/\/smfoods.pt\/loja\/wp-json\/wp\/v2\/product_tag?post=64698"}],"curies":[{"name":"wp","href":"https:\/\/api.w.org\/{rel}","templated":true}]}}