
{"id":64700,"date":"2023-01-27T10:09:40","date_gmt":"2023-01-27T10:09:40","guid":{"rendered":"https:\/\/smfoods.pt\/loja\/produto\/010081-sm-pao-de-lo-humido-5kg\/"},"modified":"2023-03-27T15:27:21","modified_gmt":"2023-03-27T15:27:21","slug":"010081-sm-pao-de-lo-humido-5kg","status":"publish","type":"product","link":"https:\/\/smfoods.pt\/loja\/produto\/010081-sm-pao-de-lo-humido-5kg\/","title":{"rendered":"SM P\u00e3o de L\u00f3 H\u00famido 5Kg"},"content":{"rendered":"","protected":false},"excerpt":{"rendered":"","protected":false},"featured_media":69378,"template":"","meta":[],"product_cat":[2927,2918],"product_tag":[],"class_list":{"0":"post-64700","1":"product","2":"type-product","3":"status-publish","4":"has-post-thumbnail","6":"product_cat-pastelaria-batidos-sem-gordura","7":"product_cat-pastelaria-pascoa","9":"first","10":"instock","11":"taxable","12":"shipping-taxable","13":"product-type-simple","14":"add-to-wishlist-before_image","15":"col-xs-6 col-sm-4","16":"col-md-3 col-lg-3","17":"un-4-cols"},"_links":{"self":[{"href":"https:\/\/smfoods.pt\/loja\/wp-json\/wp\/v2\/product\/64700","targetHints":{"allow":["GET"]}}],"collection":[{"href":"https:\/\/smfoods.pt\/loja\/wp-json\/wp\/v2\/product"}],"about":[{"href":"https:\/\/smfoods.pt\/loja\/wp-json\/wp\/v2\/types\/product"}],"version-history":[{"count":0,"href":"https:\/\/smfoods.pt\/loja\/wp-json\/wp\/v2\/product\/64700\/revisions"}],"wp:featuredmedia":[{"embeddable":true,"href":"https:\/\/smfoods.pt\/loja\/wp-json\/wp\/v2\/media\/69378"}],"wp:attachment":[{"href":"https:\/\/smfoods.pt\/loja\/wp-json\/wp\/v2\/media?parent=64700"}],"wp:term":[{"taxonomy":"product_cat","embeddable":true,"href":"https:\/\/smfoods.pt\/loja\/wp-json\/wp\/v2\/product_cat?post=64700"},{"taxonomy":"product_tag","embeddable":true,"href":"https:\/\/smfoods.pt\/loja\/wp-json\/wp\/v2\/product_tag?post=64700"}],"curies":[{"name":"wp","href":"https:\/\/api.w.org\/{rel}","templated":true}]}}