
{"id":64704,"date":"2023-01-27T10:09:45","date_gmt":"2023-01-27T10:09:45","guid":{"rendered":"https:\/\/smfoods.pt\/loja\/produto\/10244509-booguie-donut-coracao-48x52gr\/"},"modified":"2024-03-04T15:26:54","modified_gmt":"2024-03-04T15:26:54","slug":"10244509-booguie-donut-coracao-48x52gr","status":"publish","type":"product","link":"https:\/\/smfoods.pt\/loja\/produto\/10244509-booguie-donut-coracao-48x52gr\/","title":{"rendered":"Booguie (Donut) Cora\u00e7\u00e3o (48x52gr)"},"content":{"rendered":"<p><strong>Observa\u00e7\u00f5es: <\/strong>Donut em forma de cora\u00e7\u00e3o com um delicioso sabor a morango com iogurte. Modo de Prepra\u00e7\u00e3o: descongelar 90 minutos, ap\u00f3s descongelado deve ser consumido em 3 dias.<\/p>\n","protected":false},"excerpt":{"rendered":"<p>Observa\u00e7\u00f5es: Donut em forma de cora\u00e7\u00e3o com um delicioso sabor a morango com iogurte. Modo de Prepra\u00e7\u00e3o: descongelar 90 minutos, ap\u00f3s descongelado deve ser consumido em 3 dias.<\/p>\n","protected":false},"featured_media":69439,"template":"","meta":[],"product_cat":[3060,2915,2921],"product_tag":[],"class_list":{"0":"post-64704","1":"product","2":"type-product","3":"status-publish","4":"has-post-thumbnail","6":"product_cat-frozen-pastelaria-dognuts-e-bolas-berlim","7":"product_cat-frozen-novidades","8":"product_cat-pastelaria-novidades","10":"first","11":"onbackorder","12":"taxable","13":"shipping-taxable","14":"product-type-simple","15":"add-to-wishlist-before_image","16":"col-xs-6 col-sm-4","17":"col-md-3 col-lg-3","18":"un-4-cols"},"_links":{"self":[{"href":"https:\/\/smfoods.pt\/loja\/wp-json\/wp\/v2\/product\/64704","targetHints":{"allow":["GET"]}}],"collection":[{"href":"https:\/\/smfoods.pt\/loja\/wp-json\/wp\/v2\/product"}],"about":[{"href":"https:\/\/smfoods.pt\/loja\/wp-json\/wp\/v2\/types\/product"}],"version-history":[{"count":2,"href":"https:\/\/smfoods.pt\/loja\/wp-json\/wp\/v2\/product\/64704\/revisions"}],"predecessor-version":[{"id":71667,"href":"https:\/\/smfoods.pt\/loja\/wp-json\/wp\/v2\/product\/64704\/revisions\/71667"}],"wp:featuredmedia":[{"embeddable":true,"href":"https:\/\/smfoods.pt\/loja\/wp-json\/wp\/v2\/media\/69439"}],"wp:attachment":[{"href":"https:\/\/smfoods.pt\/loja\/wp-json\/wp\/v2\/media?parent=64704"}],"wp:term":[{"taxonomy":"product_cat","embeddable":true,"href":"https:\/\/smfoods.pt\/loja\/wp-json\/wp\/v2\/product_cat?post=64704"},{"taxonomy":"product_tag","embeddable":true,"href":"https:\/\/smfoods.pt\/loja\/wp-json\/wp\/v2\/product_tag?post=64704"}],"curies":[{"name":"wp","href":"https:\/\/api.w.org\/{rel}","templated":true}]}}