
{"id":64714,"date":"2023-01-27T10:09:57","date_gmt":"2023-01-27T10:09:57","guid":{"rendered":"https:\/\/smfoods.pt\/loja\/produto\/10235393-croquant-tentation-passion-maracuja-coco-4-kg\/"},"modified":"2024-03-04T15:26:50","modified_gmt":"2024-03-04T15:26:50","slug":"10235393-croquant-tentation-passion-maracujacoco-4-kg","status":"publish","type":"product","link":"https:\/\/smfoods.pt\/loja\/produto\/10235393-croquant-tentation-passion-maracujacoco-4-kg\/","title":{"rendered":"Croquant Tentation Passion (Maracuja\/coco) 4 Kg"},"content":{"rendered":"<p><strong>Observa\u00e7\u00f5es: <\/strong>Delicioso pralin\u00e9 de chocolate branco, maracuj\u00e1, coco e peda\u00e7os de bolacha crocante.<\/p>\n","protected":false},"excerpt":{"rendered":"<p>Observa\u00e7\u00f5es: Delicioso pralin\u00e9 de chocolate branco, maracuj\u00e1, coco e peda\u00e7os de bolacha crocante.<\/p>\n","protected":false},"featured_media":69437,"template":"","meta":[],"product_cat":[3101],"product_tag":[],"class_list":{"0":"post-64714","1":"product","2":"type-product","3":"status-publish","4":"has-post-thumbnail","6":"product_cat-pastelaria-chocolates-e-sucedaneos-recheios","8":"first","9":"onbackorder","10":"taxable","11":"shipping-taxable","12":"product-type-simple","13":"add-to-wishlist-before_image","14":"col-xs-6 col-sm-4","15":"col-md-3 col-lg-3","16":"un-4-cols"},"_links":{"self":[{"href":"https:\/\/smfoods.pt\/loja\/wp-json\/wp\/v2\/product\/64714","targetHints":{"allow":["GET"]}}],"collection":[{"href":"https:\/\/smfoods.pt\/loja\/wp-json\/wp\/v2\/product"}],"about":[{"href":"https:\/\/smfoods.pt\/loja\/wp-json\/wp\/v2\/types\/product"}],"version-history":[{"count":2,"href":"https:\/\/smfoods.pt\/loja\/wp-json\/wp\/v2\/product\/64714\/revisions"}],"predecessor-version":[{"id":71019,"href":"https:\/\/smfoods.pt\/loja\/wp-json\/wp\/v2\/product\/64714\/revisions\/71019"}],"wp:featuredmedia":[{"embeddable":true,"href":"https:\/\/smfoods.pt\/loja\/wp-json\/wp\/v2\/media\/69437"}],"wp:attachment":[{"href":"https:\/\/smfoods.pt\/loja\/wp-json\/wp\/v2\/media?parent=64714"}],"wp:term":[{"taxonomy":"product_cat","embeddable":true,"href":"https:\/\/smfoods.pt\/loja\/wp-json\/wp\/v2\/product_cat?post=64714"},{"taxonomy":"product_tag","embeddable":true,"href":"https:\/\/smfoods.pt\/loja\/wp-json\/wp\/v2\/product_tag?post=64714"}],"curies":[{"name":"wp","href":"https:\/\/api.w.org\/{rel}","templated":true}]}}