
{"id":64720,"date":"2023-01-27T10:10:02","date_gmt":"2023-01-27T10:10:02","guid":{"rendered":"https:\/\/smfoods.pt\/loja\/produto\/03v-hamburguer-quinoa-e-aveia-vegan-12x4-unidades\/"},"modified":"2024-03-04T15:25:50","modified_gmt":"2024-03-04T15:25:50","slug":"03v-hamburguer-quinoa-e-aveia-vegan-12x4-unidades","status":"publish","type":"product","link":"https:\/\/smfoods.pt\/loja\/produto\/03v-hamburguer-quinoa-e-aveia-vegan-12x4-unidades\/","title":{"rendered":"Hamburguer Quinoa e Aveia Vegan (12&#215;4 unidades)"},"content":{"rendered":"<p><strong>Observa\u00e7\u00f5es: <\/strong>Origem: Portugal (UE) | Quant.: 48 pe\u00e7as | Peso m\u00e9dio (Cx): 48x100g<\/p>\n","protected":false},"excerpt":{"rendered":"<p>Observa\u00e7\u00f5es: Origem: Portugal (UE) | Quant.: 48 pe\u00e7as | Peso m\u00e9dio (Cx): 48x100g<\/p>\n","protected":false},"featured_media":69379,"template":"","meta":[],"product_cat":[2922,3005],"product_tag":[],"class_list":{"0":"post-64720","1":"product","2":"type-product","3":"status-publish","4":"has-post-thumbnail","6":"product_cat-restauracao-novidades","7":"product_cat-restauracao-vegan","9":"first","10":"onbackorder","11":"taxable","12":"shipping-taxable","13":"product-type-simple","14":"add-to-wishlist-before_image","15":"col-xs-6 col-sm-4","16":"col-md-3 col-lg-3","17":"un-4-cols"},"_links":{"self":[{"href":"https:\/\/smfoods.pt\/loja\/wp-json\/wp\/v2\/product\/64720","targetHints":{"allow":["GET"]}}],"collection":[{"href":"https:\/\/smfoods.pt\/loja\/wp-json\/wp\/v2\/product"}],"about":[{"href":"https:\/\/smfoods.pt\/loja\/wp-json\/wp\/v2\/types\/product"}],"version-history":[{"count":3,"href":"https:\/\/smfoods.pt\/loja\/wp-json\/wp\/v2\/product\/64720\/revisions"}],"predecessor-version":[{"id":72669,"href":"https:\/\/smfoods.pt\/loja\/wp-json\/wp\/v2\/product\/64720\/revisions\/72669"}],"wp:featuredmedia":[{"embeddable":true,"href":"https:\/\/smfoods.pt\/loja\/wp-json\/wp\/v2\/media\/69379"}],"wp:attachment":[{"href":"https:\/\/smfoods.pt\/loja\/wp-json\/wp\/v2\/media?parent=64720"}],"wp:term":[{"taxonomy":"product_cat","embeddable":true,"href":"https:\/\/smfoods.pt\/loja\/wp-json\/wp\/v2\/product_cat?post=64720"},{"taxonomy":"product_tag","embeddable":true,"href":"https:\/\/smfoods.pt\/loja\/wp-json\/wp\/v2\/product_tag?post=64720"}],"curies":[{"name":"wp","href":"https:\/\/api.w.org\/{rel}","templated":true}]}}