
{"id":64741,"date":"2023-01-27T10:10:26","date_gmt":"2023-01-27T10:10:26","guid":{"rendered":"https:\/\/smfoods.pt\/loja\/produto\/10083615-cookie-chocolate-de-leite-48x72-gr\/"},"modified":"2024-03-04T15:29:00","modified_gmt":"2024-03-04T15:29:00","slug":"10083615-cookie-chocolate-de-leite-48x72-gr","status":"publish","type":"product","link":"https:\/\/smfoods.pt\/loja\/produto\/10083615-cookie-chocolate-de-leite-48x72-gr\/","title":{"rendered":"Cookie Chocolate de Leite (48&#215;72 gr)"},"content":{"rendered":"<p><strong>Observa\u00e7\u00f5es: <\/strong>Deliciosa bolacha decorada com pepitas chocolate de leite. S\u00f3 descongelar 60 minutos. Di\u00e2metro: 12 cm. Embalada em sacos de 3 unidades.<\/p>\n","protected":false},"excerpt":{"rendered":"<p>Observa\u00e7\u00f5es: Deliciosa bolacha decorada com pepitas chocolate de leite. S\u00f3 descongelar 60 minutos. Di\u00e2metro: 12 cm. Embalada em sacos de 3 unidades.<\/p>\n","protected":false},"featured_media":69386,"template":"","meta":[],"product_cat":[2915,3114,3111],"product_tag":[],"class_list":{"0":"post-64741","1":"product","2":"type-product","3":"status-publish","4":"has-post-thumbnail","6":"product_cat-frozen-novidades","7":"product_cat-pastelaria-s-valentim","8":"product_cat-frozen-pastelaria-varios","10":"first","11":"onbackorder","12":"taxable","13":"shipping-taxable","14":"product-type-simple","15":"add-to-wishlist-before_image","16":"col-xs-6 col-sm-4","17":"col-md-3 col-lg-3","18":"un-4-cols"},"_links":{"self":[{"href":"https:\/\/smfoods.pt\/loja\/wp-json\/wp\/v2\/product\/64741","targetHints":{"allow":["GET"]}}],"collection":[{"href":"https:\/\/smfoods.pt\/loja\/wp-json\/wp\/v2\/product"}],"about":[{"href":"https:\/\/smfoods.pt\/loja\/wp-json\/wp\/v2\/types\/product"}],"version-history":[{"count":2,"href":"https:\/\/smfoods.pt\/loja\/wp-json\/wp\/v2\/product\/64741\/revisions"}],"predecessor-version":[{"id":71641,"href":"https:\/\/smfoods.pt\/loja\/wp-json\/wp\/v2\/product\/64741\/revisions\/71641"}],"wp:featuredmedia":[{"embeddable":true,"href":"https:\/\/smfoods.pt\/loja\/wp-json\/wp\/v2\/media\/69386"}],"wp:attachment":[{"href":"https:\/\/smfoods.pt\/loja\/wp-json\/wp\/v2\/media?parent=64741"}],"wp:term":[{"taxonomy":"product_cat","embeddable":true,"href":"https:\/\/smfoods.pt\/loja\/wp-json\/wp\/v2\/product_cat?post=64741"},{"taxonomy":"product_tag","embeddable":true,"href":"https:\/\/smfoods.pt\/loja\/wp-json\/wp\/v2\/product_tag?post=64741"}],"curies":[{"name":"wp","href":"https:\/\/api.w.org\/{rel}","templated":true}]}}